{"id":716,"date":"2018-10-22T12:51:33","date_gmt":"2018-10-22T17:51:33","guid":{"rendered":"https:\/\/lavaquitacheese.com\/rico-en-sabor-rico-en-tradicion\/"},"modified":"2021-01-06T13:57:09","modified_gmt":"2021-01-06T18:57:09","slug":"rico-en-sabor-rico-en-tradicion","status":"publish","type":"page","link":"https:\/\/lavaquitacheese.com\/es\/rico-en-sabor-rico-en-tradicion\/","title":{"rendered":"Rico en sabor Rico en tradici\u00f3n"},"content":{"rendered":"\n<style type=\"text\/css\" data-created_by=\"avia_inline_auto\" id=\"style-css-av-7jkdy-8590d1f6046df37e36194b4f19e95718\">\n.avia-section.av-7jkdy-8590d1f6046df37e36194b4f19e95718{\nbackground-repeat:no-repeat;\nbackground-image:url(https:\/\/lavaquitacheese.com\/wp-content\/uploads\/2020\/11\/50Anniversary_HeaderImage.jpg);\nbackground-position:50% 100%;\nbackground-attachment:scroll;\n}\n<\/style>\n<div id='av_section_1'  class='avia-section av-7jkdy-8590d1f6046df37e36194b4f19e95718 main_color avia-section-default avia-no-border-styling  avia-builder-el-0  el_before_av_section  avia-builder-el-first  zz bg-slide page_header avia-full-stretch avia-bg-style-scroll av-minimum-height av-minimum-height-custom av-height-custom  container_wrap fullsize'  data-section-bg-repeat='stretch' data-av_minimum_height_px='680'><div class='container av-section-cont-open' style='height:680px'><main  role=\"main\" itemprop=\"mainContentOfPage\"  class='template-page content  av-content-full alpha units'><div class='post-entry post-entry-type-page post-entry-716'><div class='entry-content-wrapper clearfix'>\n\n<style type=\"text\/css\" data-created_by=\"avia_inline_auto\" id=\"style-css-av-plu2-3eac02e8936ecb4b0bb618d3922ecc21\">\n.flex_column.av-plu2-3eac02e8936ecb4b0bb618d3922ecc21{\nborder-radius:0px 0px 0px 0px;\npadding:0px 0px 0px 0px;\n}\n<\/style>\n<div  class='flex_column av-plu2-3eac02e8936ecb4b0bb618d3922ecc21 av_one_third  avia-builder-el-1  el_before_av_two_third  avia-builder-el-first  zz first no_margin flex_column_div av-animated-generic fade-in av-zero-column-padding avia-full-stretch  '     ><style type=\"text\/css\" data-created_by=\"avia_inline_auto\" id=\"style-css-av-khmekxz3-e8cd7914f5b16634247d39f8ee1b4b29\">\n#top .av-special-heading.av-khmekxz3-e8cd7914f5b16634247d39f8ee1b4b29{\npadding-bottom:5px;\ncolor:#ffffff;\nfont-size:45px;\n}\nbody .av-special-heading.av-khmekxz3-e8cd7914f5b16634247d39f8ee1b4b29 .av-special-heading-tag .heading-char{\nfont-size:25px;\n}\n#top #wrap_all .av-special-heading.av-khmekxz3-e8cd7914f5b16634247d39f8ee1b4b29 .av-special-heading-tag{\nfont-size:45px;\n}\n.av-special-heading.av-khmekxz3-e8cd7914f5b16634247d39f8ee1b4b29 .special-heading-inner-border{\nborder-color:#ffffff;\n}\n.av-special-heading.av-khmekxz3-e8cd7914f5b16634247d39f8ee1b4b29 .av-subheading{\nfont-size:18px;\n}\n\n@media only screen and (min-width: 480px) and (max-width: 767px){ \n#top #wrap_all .av-special-heading.av-khmekxz3-e8cd7914f5b16634247d39f8ee1b4b29 .av-special-heading-tag{\nfont-size:0.8em;\n}\n}\n\n@media only screen and (max-width: 479px){ \n#top #wrap_all .av-special-heading.av-khmekxz3-e8cd7914f5b16634247d39f8ee1b4b29 .av-special-heading-tag{\nfont-size:0.8em;\n}\n}\n<\/style>\n<div  class='av-special-heading av-khmekxz3-e8cd7914f5b16634247d39f8ee1b4b29 av-special-heading-h2 custom-color-heading blockquote modern-quote modern-centered  avia-builder-el-2  avia-builder-el-no-sibling  av-inherit-size'><h2 class='av-special-heading-tag '  itemprop=\"headline\"  >50 a\u00f1os de sabor y tradici\u00f3n<\/h2><div class=\"special-heading-border\"><div class=\"special-heading-inner-border\"><\/div><\/div><\/div><\/div>\n<style type=\"text\/css\" data-created_by=\"avia_inline_auto\" id=\"style-css-av-4mspe-0b74e3fd9e1a78a7ed408ef48059c33b\">\n.flex_column.av-4mspe-0b74e3fd9e1a78a7ed408ef48059c33b{\nborder-radius:0px 0px 0px 0px;\npadding:0px 0px 0px 0px;\n}\n<\/style>\n<div  class='flex_column av-4mspe-0b74e3fd9e1a78a7ed408ef48059c33b av_two_third  avia-builder-el-3  el_after_av_one_third  avia-builder-el-last  no_margin flex_column_div av-zero-column-padding  '     ><\/div>\n\n<\/div><\/div><\/main><!-- close content main element --><\/div><\/div>\n<style type=\"text\/css\" data-created_by=\"avia_inline_auto\" id=\"style-css-av-3op8i-4cfda046ee5ffa34f0a69e6962e16941\">\n.avia-section.av-3op8i-4cfda046ee5ffa34f0a69e6962e16941{\nbackground-repeat:no-repeat;\nbackground-image:url(https:\/\/lavaquitacheese.com\/wp-content\/uploads\/2020\/11\/TRADITION-BG-MIDDLE.jpg);\nbackground-position:0% 50%;\nbackground-attachment:scroll;\n}\n<\/style>\n<div id='av_section_2'  class='avia-section av-3op8i-4cfda046ee5ffa34f0a69e6962e16941 main_color avia-section-default avia-no-border-styling  avia-builder-el-4  el_after_av_section  el_before_av_section  story_middle avia-full-stretch avia-bg-style-scroll av-minimum-height av-minimum-height-custom av-height-custom  container_wrap fullsize'  data-section-bg-repeat='stretch' data-av_minimum_height_px='500'><div class='container av-section-cont-open' style='height:500px'><div class='template-page content  av-content-full alpha units'><div class='post-entry post-entry-type-page post-entry-716'><div class='entry-content-wrapper clearfix'>\n\n<style type=\"text\/css\" data-created_by=\"avia_inline_auto\" id=\"style-css-av-2lgcm-4c05e8c1df006b26ddedda92cb70a1bb\">\n.flex_column.av-2lgcm-4c05e8c1df006b26ddedda92cb70a1bb{\nborder-radius:0px 0px 0px 0px;\npadding:0px 0px 0px 0px;\n}\n<\/style>\n<div  class='flex_column av-2lgcm-4c05e8c1df006b26ddedda92cb70a1bb av_three_fifth  avia-builder-el-5  el_before_av_two_fifth  avia-builder-el-first  first flex_column_div av-zero-column-padding  '     ><p><section  class='av_textblock_section av-4r6o5n-775ffc8580c86784781a3159a494a7ff '   itemscope=\"itemscope\" itemtype=\"https:\/\/schema.org\/CreativeWork\" ><div class='avia_textblock'  itemprop=\"text\" ><p>Description:Los ingredientes de alta calidad que utilizamos en nuestros productos y la delicada atenci\u00f3n que ponemos a su elaboraci\u00f3n hacen que el delicioso y aut\u00e9ntico sabor de La Vaquita<span style=\"font-weight: 400;\">\u00ae<\/span> sea \u00fanico.<\/p>\n<p>Nuestros productos no solo son ricos en sabor, tambi\u00e9n son ricos en tradici\u00f3n, enriqueciendo todo lo bueno que tienes en casa, y celebrando las nuevas tradiciones que est\u00e1n por venir. Estamos orgullosos de compartir con tu familia las mismas comidas y tradiciones desde hace cincuenta a\u00f1os.<\/p>\n<p>La Vaquita<sup>\u00ae<\/sup>, rico en sabor.<br \/>\nRico en tradici\u00f3n.<\/p>\n<\/div><\/section><br \/>\n<div  class='avia-button-wrap av-4l6tbn-d39cbafe4f531aaa80d5548c121eee4b-wrap avia-button-right  avia-builder-el-7  el_after_av_textblock  avia-builder-el-last '><a href='https:\/\/lavaquitacheese.com\/es\/productos\/'  class='avia-button av-4l6tbn-d39cbafe4f531aaa80d5548c121eee4b av-link-btn avia-icon_select-no avia-size-medium avia-position-right avia-color-theme-color'   aria-label=\"Explora nuestro productos\"><span class='avia_iconbox_title' >Explora nuestro productos<\/span><\/a><\/div><\/p><\/div>\n<style type=\"text\/css\" data-created_by=\"avia_inline_auto\" id=\"style-css-av-1mviq-2f6c7c332b5a8bfd1433afbb9ea94469\">\n.flex_column.av-1mviq-2f6c7c332b5a8bfd1433afbb9ea94469{\nborder-radius:0px 0px 0px 0px;\npadding:0px 0px 0px 0px;\n}\n<\/style>\n<div  class='flex_column av-1mviq-2f6c7c332b5a8bfd1433afbb9ea94469 av_two_fifth  avia-builder-el-8  el_after_av_three_fifth  avia-builder-el-last  flex_column_div av-zero-column-padding  '     ><\/div><\/div><\/div><\/div><!-- close content main div --><\/div><\/div>\n<style type=\"text\/css\" data-created_by=\"avia_inline_auto\" id=\"style-css-av-rko2-b384233566602c02ce70ab83d3ab0b26\">\n.avia-section.av-rko2-b384233566602c02ce70ab83d3ab0b26 .av-parallax .av-parallax-inner{\nbackground-repeat:no-repeat;\nbackground-image:url(https:\/\/lavaquitacheese.com\/wp-content\/uploads\/2020\/11\/TRADITION-BG-BOTTOM.jpg);\nbackground-position:50% 50%;\nbackground-attachment:scroll;\n}\n<\/style>\n<div id='av_section_3'  class='avia-section av-rko2-b384233566602c02ce70ab83d3ab0b26 main_color avia-section-default avia-no-border-styling  avia-builder-el-9  el_after_av_section  avia-builder-el-last  avia-full-stretch av-parallax-section avia-bg-style-parallax av-minimum-height av-minimum-height-custom av-height-custom  container_wrap fullsize'  data-section-bg-repeat='stretch' data-av_minimum_height_px='450'><div class='av-parallax' data-avia-parallax-ratio='0.3' ><div class='av-parallax-inner main_color avia-full-stretch'><\/div><\/div><div class='container av-section-cont-open' style='height:450px'><div class='template-page content  av-content-full alpha units'><div class='post-entry post-entry-type-page post-entry-716'><div class='entry-content-wrapper clearfix'><\/p>\n","protected":false},"excerpt":{"rendered":"","protected":false},"author":12,"featured_media":0,"parent":0,"menu_order":0,"comment_status":"closed","ping_status":"closed","template":"","meta":{"footnotes":""},"class_list":["post-716","page","type-page","status-publish","hentry"],"_links":{"self":[{"href":"https:\/\/lavaquitacheese.com\/es\/wp-json\/wp\/v2\/pages\/716","targetHints":{"allow":["GET"]}}],"collection":[{"href":"https:\/\/lavaquitacheese.com\/es\/wp-json\/wp\/v2\/pages"}],"about":[{"href":"https:\/\/lavaquitacheese.com\/es\/wp-json\/wp\/v2\/types\/page"}],"author":[{"embeddable":true,"href":"https:\/\/lavaquitacheese.com\/es\/wp-json\/wp\/v2\/users\/12"}],"replies":[{"embeddable":true,"href":"https:\/\/lavaquitacheese.com\/es\/wp-json\/wp\/v2\/comments?post=716"}],"version-history":[{"count":2,"href":"https:\/\/lavaquitacheese.com\/es\/wp-json\/wp\/v2\/pages\/716\/revisions"}],"predecessor-version":[{"id":755,"href":"https:\/\/lavaquitacheese.com\/es\/wp-json\/wp\/v2\/pages\/716\/revisions\/755"}],"wp:attachment":[{"href":"https:\/\/lavaquitacheese.com\/es\/wp-json\/wp\/v2\/media?parent=716"}],"curies":[{"name":"wp","href":"https:\/\/api.w.org\/{rel}","templated":true}]}}