{"id":391,"date":"2016-07-28T11:42:44","date_gmt":"2016-07-28T16:42:44","guid":{"rendered":"https:\/\/lavaquitacheese.com\/es\/?page_id=391"},"modified":"2021-01-06T02:55:29","modified_gmt":"2021-01-06T07:55:29","slug":"queso-fresco","status":"publish","type":"page","link":"https:\/\/lavaquitacheese.com\/es\/productos\/quesos\/queso-fresco\/","title":{"rendered":"QUESO FRESCO"},"content":{"rendered":"\n<style type=\"text\/css\" data-created_by=\"avia_inline_auto\" id=\"style-css-av-7jkdy-f7436a5b538d15e2cfd960f00db75e34\">\n.avia-section.av-7jkdy-f7436a5b538d15e2cfd960f00db75e34{\nbackground-repeat:no-repeat;\nbackground-image:url(https:\/\/lavaquitacheese.com\/wp-content\/uploads\/2020\/11\/Products_Quesos_QuesoFresco_HeaderImage.jpg);\nbackground-position:50% 100%;\nbackground-attachment:scroll;\n}\n<\/style>\n<div id='av_section_1'  class='avia-section av-7jkdy-f7436a5b538d15e2cfd960f00db75e34 main_color avia-section-default avia-no-border-styling  avia-builder-el-0  el_before_av_section  avia-builder-el-first  zz page_header avia-full-stretch avia-bg-style-scroll av-minimum-height av-minimum-height-custom av-height-custom  container_wrap fullsize'  data-section-bg-repeat='stretch' data-av_minimum_height_px='680'><div class='container av-section-cont-open' style='height:680px'><main  role=\"main\" itemprop=\"mainContentOfPage\"  class='template-page content  av-content-full alpha units'><div class='post-entry post-entry-type-page post-entry-391'><div class='entry-content-wrapper clearfix'>\n\n<style type=\"text\/css\" data-created_by=\"avia_inline_auto\" id=\"style-css-av-plu2-3eac02e8936ecb4b0bb618d3922ecc21\">\n.flex_column.av-plu2-3eac02e8936ecb4b0bb618d3922ecc21{\nborder-radius:0px 0px 0px 0px;\npadding:0px 0px 0px 0px;\n}\n<\/style>\n<div  class='flex_column av-plu2-3eac02e8936ecb4b0bb618d3922ecc21 av_one_third  avia-builder-el-1  el_before_av_two_third  avia-builder-el-first  zz first no_margin flex_column_div av-animated-generic fade-in av-zero-column-padding avia-full-stretch  '     ><p>\n<style type=\"text\/css\" data-created_by=\"avia_inline_auto\" id=\"style-css-av-bstif-6d1ea770ad023f00efe52e63ffac1281\">\n#top .av-special-heading.av-bstif-6d1ea770ad023f00efe52e63ffac1281{\npadding-bottom:5px;\ncolor:#ffffff;\nfont-size:45px;\n}\nbody .av-special-heading.av-bstif-6d1ea770ad023f00efe52e63ffac1281 .av-special-heading-tag .heading-char{\nfont-size:25px;\n}\n#top #wrap_all .av-special-heading.av-bstif-6d1ea770ad023f00efe52e63ffac1281 .av-special-heading-tag{\nfont-size:45px;\n}\n.av-special-heading.av-bstif-6d1ea770ad023f00efe52e63ffac1281 .special-heading-inner-border{\nborder-color:#ffffff;\n}\n.av-special-heading.av-bstif-6d1ea770ad023f00efe52e63ffac1281 .av-subheading{\nfont-size:18px;\n}\n\n@media only screen and (min-width: 480px) and (max-width: 767px){ \n#top #wrap_all .av-special-heading.av-bstif-6d1ea770ad023f00efe52e63ffac1281 .av-special-heading-tag{\nfont-size:0.8em;\n}\n}\n\n@media only screen and (max-width: 479px){ \n#top #wrap_all .av-special-heading.av-bstif-6d1ea770ad023f00efe52e63ffac1281 .av-special-heading-tag{\nfont-size:0.8em;\n}\n}\n<\/style>\n<div  class='av-special-heading av-bstif-6d1ea770ad023f00efe52e63ffac1281 av-special-heading-h2 custom-color-heading blockquote modern-quote modern-centered  avia-builder-el-2  el_before_av_textblock  avia-builder-el-first  av-inherit-size'><h2 class='av-special-heading-tag '  itemprop=\"headline\"  >Queso Fresco<\/h2><div class=\"special-heading-border\"><div class=\"special-heading-inner-border\"><\/div><\/div><\/div><br \/>\n\n<style type=\"text\/css\" data-created_by=\"avia_inline_auto\" id=\"style-css-av-54uea-c8649c623ba47821994ff9b2be0e3207\">\n#top .av_textblock_section.av-54uea-c8649c623ba47821994ff9b2be0e3207 .avia_textblock{\nfont-size:21px;\n}\n<\/style>\n<section  class='av_textblock_section av-54uea-c8649c623ba47821994ff9b2be0e3207 '   itemscope=\"itemscope\" itemtype=\"https:\/\/schema.org\/CreativeWork\" ><div class='avia_textblock'  itemprop=\"text\" ><p>Un queso desmenuzable, vers\u00e1til; de sabor fresco, vivo, l\u00e1cteo y agradable.<\/p>\n<\/div><\/section><\/p><\/div>\n<style type=\"text\/css\" data-created_by=\"avia_inline_auto\" id=\"style-css-av-4mspe-0b74e3fd9e1a78a7ed408ef48059c33b\">\n.flex_column.av-4mspe-0b74e3fd9e1a78a7ed408ef48059c33b{\nborder-radius:0px 0px 0px 0px;\npadding:0px 0px 0px 0px;\n}\n<\/style>\n<div  class='flex_column av-4mspe-0b74e3fd9e1a78a7ed408ef48059c33b av_two_third  avia-builder-el-4  el_after_av_one_third  avia-builder-el-last  no_margin flex_column_div av-zero-column-padding  '     ><\/div>\n\n<\/div><\/div><\/main><!-- close content main element --><\/div><\/div>\n<style type=\"text\/css\" data-created_by=\"avia_inline_auto\" id=\"style-css-av-3op8i-b0d0e3c0b475d9033de2e4fb30ba275a\">\n.avia-section.av-3op8i-b0d0e3c0b475d9033de2e4fb30ba275a{\nbackground-repeat:no-repeat;\nbackground-image:url(https:\/\/lavaquitacheese.com\/wp-content\/uploads\/2021\/01\/QuesoFresco-BG-MIDDLE-sp.jpg);\nbackground-position:0% 50%;\nbackground-attachment:scroll;\n}\n<\/style>\n<div id='av_section_2'  class='avia-section av-3op8i-b0d0e3c0b475d9033de2e4fb30ba275a main_color avia-section-default avia-no-border-styling  avia-builder-el-5  el_after_av_section  el_before_av_section  product_middle avia-full-stretch avia-bg-style-scroll container_wrap fullsize'  data-section-bg-repeat='stretch'><div class='container av-section-cont-open' ><div class='template-page content  av-content-full alpha units'><div class='post-entry post-entry-type-page post-entry-391'><div class='entry-content-wrapper clearfix'>\n\n<style type=\"text\/css\" data-created_by=\"avia_inline_auto\" id=\"style-css-av-2lgcm-6697df4fa30f703dc9f3998971cd4f3f\">\n.flex_column.av-2lgcm-6697df4fa30f703dc9f3998971cd4f3f{\nborder-radius:0px 0px 0px 0px;\npadding:0px 0px 0px 0px;\n}\n<\/style>\n<div  class='flex_column av-2lgcm-6697df4fa30f703dc9f3998971cd4f3f av_three_fifth  avia-builder-el-6  el_before_av_two_fifth  avia-builder-el-first  first flex_column_div av-zero-column-padding  '     ><style type=\"text\/css\" data-created_by=\"avia_inline_auto\" id=\"style-css-av-1xdga-c0a7b4b984568f0f03ed6de834d5d4c1\">\n#top .av_textblock_section.av-1xdga-c0a7b4b984568f0f03ed6de834d5d4c1 .avia_textblock{\nfont-size:20px;\n}\n<\/style>\n<section  class='av_textblock_section av-1xdga-c0a7b4b984568f0f03ed6de834d5d4c1 '   itemscope=\"itemscope\" itemtype=\"https:\/\/schema.org\/CreativeWork\" ><div class='avia_textblock'  itemprop=\"text\" ><p>El Queso Fresco se elabora con leche de vaca pasteurizada. Es un queso desmenuzable similar al queso feta, al queso de cabra o al queso azul. Sin embargo, a diferencia de los quesos desmenuzables de sabor m\u00e1s fuerte, el sabor de Queso Fresco es suave \u2013 fresco, vivo, l\u00e1cteo y agradable \u2013 dando un sabor aut\u00e9ntico y m\u00e1s tradici\u00f3n a todo lo que cocinas.<\/p>\n<p>Nuestra f\u00f3rmula \u00fanica utiliza leche entera. Esta combinaci\u00f3n de mayor contenido de grasa de la leche con menor contenido de humedad, hace que nuestro Queso Fresco tenga una textura m\u00e1s cremosa y suave. Es denso pero f\u00e1cil de desmenuzar, lo que lo hace perfecto para cualquier plato.<\/p>\n<p>Presentaci\u00f3n: Queso redondo de 8, 14, 5, 24 y 35 onzas | Horma redonda de 5 y 8 libras<\/p>\n<\/div><\/section><\/div>\n<style type=\"text\/css\" data-created_by=\"avia_inline_auto\" id=\"style-css-av-1mviq-2f6c7c332b5a8bfd1433afbb9ea94469\">\n.flex_column.av-1mviq-2f6c7c332b5a8bfd1433afbb9ea94469{\nborder-radius:0px 0px 0px 0px;\npadding:0px 0px 0px 0px;\n}\n<\/style>\n<div  class='flex_column av-1mviq-2f6c7c332b5a8bfd1433afbb9ea94469 av_two_fifth  avia-builder-el-8  el_after_av_three_fifth  avia-builder-el-last  flex_column_div av-zero-column-padding  '     ><\/div><\/div><\/div><\/div><!-- close content main div --><\/div><\/div>\n<style type=\"text\/css\" data-created_by=\"avia_inline_auto\" id=\"style-css-av-rko2-ebd1175948bd08a2f27e3367bed2d13f\">\n.avia-section.av-rko2-ebd1175948bd08a2f27e3367bed2d13f{\nbackground-repeat:no-repeat;\nbackground-image:url(https:\/\/lavaquitacheese.com\/wp-content\/uploads\/2020\/11\/Products_Quesos_QuesoFresco_BOTTOM_1.jpg);\nbackground-position:100% 50%;\nbackground-attachment:scroll;\n}\n<\/style>\n<div id='av_section_3'  class='avia-section av-rko2-ebd1175948bd08a2f27e3367bed2d13f main_color avia-section-default avia-no-border-styling  avia-builder-el-9  el_after_av_section  avia-builder-el-last  bg-slide product_bottom avia-full-stretch avia-bg-style-scroll av-minimum-height av-minimum-height-custom av-height-custom  container_wrap fullsize'  data-section-bg-repeat='stretch' data-av_minimum_height_px='400'><div class='container av-section-cont-open' style='height:400px'><div class='template-page content  av-content-full alpha units'><div class='post-entry post-entry-type-page post-entry-391'><div class='entry-content-wrapper clearfix'>\n\n<style type=\"text\/css\" data-created_by=\"avia_inline_auto\" id=\"style-css-av-1mviq-3852cf944ada201eaff6e88830b8c573\">\n.flex_column.av-1mviq-3852cf944ada201eaff6e88830b8c573{\nborder-radius:0px 0px 0px 0px;\npadding:0px 0px 0px 0px;\n}\n<\/style>\n<div  class='flex_column av-1mviq-3852cf944ada201eaff6e88830b8c573 av_two_fifth  avia-builder-el-10  el_before_av_three_fifth  avia-builder-el-first  first flex_column_div av-zero-column-padding  '     ><\/div>\n<style type=\"text\/css\" data-created_by=\"avia_inline_auto\" id=\"style-css-av-1mviq-2f6c7c332b5a8bfd1433afbb9ea94469\">\n.flex_column.av-1mviq-2f6c7c332b5a8bfd1433afbb9ea94469{\nborder-radius:0px 0px 0px 0px;\npadding:0px 0px 0px 0px;\n}\n<\/style>\n<div  class='flex_column av-1mviq-2f6c7c332b5a8bfd1433afbb9ea94469 av_three_fifth  avia-builder-el-11  el_after_av_two_fifth  avia-builder-el-last  flex_column_div av-zero-column-padding  '     ><style type=\"text\/css\" data-created_by=\"avia_inline_auto\" id=\"style-css-av-1xdga-c0a7b4b984568f0f03ed6de834d5d4c1\">\n#top .av_textblock_section.av-1xdga-c0a7b4b984568f0f03ed6de834d5d4c1 .avia_textblock{\nfont-size:20px;\n}\n<\/style>\n<section  class='av_textblock_section av-1xdga-c0a7b4b984568f0f03ed6de834d5d4c1 '   itemscope=\"itemscope\" itemtype=\"https:\/\/schema.org\/CreativeWork\" ><div class='avia_textblock'  itemprop=\"text\" ><h3>C\u00d3MO DISFRUTARLO<\/h3>\n<ul>\n<li>Desmenuzado, como el queso feta o el queso de cabra<\/li>\n<li>Con tacos y otras delicias mexicanas<\/li>\n<li>Con ensaladas y sopas<\/li>\n<li>Con huevos para el desayuno o el brunch<\/li>\n<li>Con acompa\u00f1amientos tales como habichuelas y elotes a la parrilla<\/li>\n<\/ul>\n<\/div><\/section><br \/>\n<div  class='avia-button-wrap av-67lorv-6161d0868d4c8c82c41bacac5609c856-wrap avia-button-right  avia-builder-el-13  el_after_av_textblock  avia-builder-el-last '><a href='https:\/\/lavaquitacheese.com\/es\/recetas\/'  class='avia-button av-67lorv-6161d0868d4c8c82c41bacac5609c856 av-link-btn avia-icon_select-no avia-size-medium avia-position-right avia-color-theme-color'   aria-label=\"Mira nuestras recetas\"><span class='avia_iconbox_title' >Mira nuestras recetas<\/span><\/a><\/div><\/p><\/div>\n<\/p>\n","protected":false},"excerpt":{"rendered":"","protected":false},"author":12,"featured_media":0,"parent":357,"menu_order":0,"comment_status":"closed","ping_status":"closed","template":"","meta":{"footnotes":""},"class_list":["post-391","page","type-page","status-publish","hentry"],"_links":{"self":[{"href":"https:\/\/lavaquitacheese.com\/es\/wp-json\/wp\/v2\/pages\/391","targetHints":{"allow":["GET"]}}],"collection":[{"href":"https:\/\/lavaquitacheese.com\/es\/wp-json\/wp\/v2\/pages"}],"about":[{"href":"https:\/\/lavaquitacheese.com\/es\/wp-json\/wp\/v2\/types\/page"}],"author":[{"embeddable":true,"href":"https:\/\/lavaquitacheese.com\/es\/wp-json\/wp\/v2\/users\/12"}],"replies":[{"embeddable":true,"href":"https:\/\/lavaquitacheese.com\/es\/wp-json\/wp\/v2\/comments?post=391"}],"version-history":[{"count":2,"href":"https:\/\/lavaquitacheese.com\/es\/wp-json\/wp\/v2\/pages\/391\/revisions"}],"predecessor-version":[{"id":487,"href":"https:\/\/lavaquitacheese.com\/es\/wp-json\/wp\/v2\/pages\/391\/revisions\/487"}],"up":[{"embeddable":true,"href":"https:\/\/lavaquitacheese.com\/es\/wp-json\/wp\/v2\/pages\/357"}],"wp:attachment":[{"href":"https:\/\/lavaquitacheese.com\/es\/wp-json\/wp\/v2\/media?parent=391"}],"curies":[{"name":"wp","href":"https:\/\/api.w.org\/{rel}","templated":true}]}}