{"id":385,"date":"2016-07-28T12:18:58","date_gmt":"2016-07-28T17:18:58","guid":{"rendered":"https:\/\/lavaquitacheese.com\/es\/?page_id=385"},"modified":"2020-12-09T17:52:04","modified_gmt":"2020-12-09T22:52:04","slug":"cotija","status":"publish","type":"page","link":"https:\/\/lavaquitacheese.com\/es\/productos\/quesos\/cotija\/","title":{"rendered":"COTIJA"},"content":{"rendered":"\n<style type=\"text\/css\" data-created_by=\"avia_inline_auto\" id=\"style-css-av-7jkdy-0ab2b5e24734fe4816c14c0a81c65385\">\n.avia-section.av-7jkdy-0ab2b5e24734fe4816c14c0a81c65385{\nbackground-repeat:no-repeat;\nbackground-image:url(https:\/\/lavaquitacheese.com\/wp-content\/uploads\/2020\/11\/Products_Quesos_QuesoCotija_HeaderImage-1.jpg);\nbackground-position:50% 100%;\nbackground-attachment:scroll;\n}\n<\/style>\n<div id='av_section_1'  class='avia-section av-7jkdy-0ab2b5e24734fe4816c14c0a81c65385 main_color avia-section-default avia-no-border-styling  avia-builder-el-0  el_before_av_section  avia-builder-el-first  zz page_header avia-full-stretch avia-bg-style-scroll av-minimum-height av-minimum-height-custom av-height-custom  container_wrap fullsize'  data-section-bg-repeat='stretch' data-av_minimum_height_px='680'><div class='container av-section-cont-open' style='height:680px'><main  role=\"main\" itemprop=\"mainContentOfPage\"  class='template-page content  av-content-full alpha units'><div class='post-entry post-entry-type-page post-entry-385'><div class='entry-content-wrapper clearfix'>\n\n<style type=\"text\/css\" data-created_by=\"avia_inline_auto\" id=\"style-css-av-plu2-3eac02e8936ecb4b0bb618d3922ecc21\">\n.flex_column.av-plu2-3eac02e8936ecb4b0bb618d3922ecc21{\nborder-radius:0px 0px 0px 0px;\npadding:0px 0px 0px 0px;\n}\n<\/style>\n<div  class='flex_column av-plu2-3eac02e8936ecb4b0bb618d3922ecc21 av_one_third  avia-builder-el-1  el_before_av_two_third  avia-builder-el-first  zz first no_margin flex_column_div av-animated-generic fade-in av-zero-column-padding avia-full-stretch  '     ><p>\n<style type=\"text\/css\" data-created_by=\"avia_inline_auto\" id=\"style-css-av-7ommp-7190b97e7bb94a5615386558f2d6d5a3\">\n#top .av-special-heading.av-7ommp-7190b97e7bb94a5615386558f2d6d5a3{\npadding-bottom:5px;\ncolor:#ffffff;\nfont-size:45px;\n}\nbody .av-special-heading.av-7ommp-7190b97e7bb94a5615386558f2d6d5a3 .av-special-heading-tag .heading-char{\nfont-size:25px;\n}\n#top #wrap_all .av-special-heading.av-7ommp-7190b97e7bb94a5615386558f2d6d5a3 .av-special-heading-tag{\nfont-size:45px;\n}\n.av-special-heading.av-7ommp-7190b97e7bb94a5615386558f2d6d5a3 .special-heading-inner-border{\nborder-color:#ffffff;\n}\n.av-special-heading.av-7ommp-7190b97e7bb94a5615386558f2d6d5a3 .av-subheading{\nfont-size:18px;\n}\n\n@media only screen and (min-width: 480px) and (max-width: 767px){ \n#top #wrap_all .av-special-heading.av-7ommp-7190b97e7bb94a5615386558f2d6d5a3 .av-special-heading-tag{\nfont-size:0.8em;\n}\n}\n\n@media only screen and (max-width: 479px){ \n#top #wrap_all .av-special-heading.av-7ommp-7190b97e7bb94a5615386558f2d6d5a3 .av-special-heading-tag{\nfont-size:0.8em;\n}\n}\n<\/style>\n<div  class='av-special-heading av-7ommp-7190b97e7bb94a5615386558f2d6d5a3 av-special-heading-h2 custom-color-heading blockquote modern-quote modern-centered  avia-builder-el-2  el_before_av_textblock  avia-builder-el-first  av-inherit-size'><h2 class='av-special-heading-tag '  itemprop=\"headline\"  >Queso Cotija<\/h2><div class=\"special-heading-border\"><div class=\"special-heading-inner-border\"><\/div><\/div><\/div><br \/>\n\n<style type=\"text\/css\" data-created_by=\"avia_inline_auto\" id=\"style-css-av-54uea-c8649c623ba47821994ff9b2be0e3207\">\n#top .av_textblock_section.av-54uea-c8649c623ba47821994ff9b2be0e3207 .avia_textblock{\nfont-size:21px;\n}\n<\/style>\n<section  class='av_textblock_section av-54uea-c8649c623ba47821994ff9b2be0e3207 '   itemscope=\"itemscope\" itemtype=\"https:\/\/schema.org\/CreativeWork\" ><div class='avia_textblock'  itemprop=\"text\" ><p>Un queso rallado a\u00f1ejado; salado, intenso y complejo.<\/p>\n<\/div><\/section><\/p><\/div>\n<style type=\"text\/css\" data-created_by=\"avia_inline_auto\" id=\"style-css-av-4mspe-0b74e3fd9e1a78a7ed408ef48059c33b\">\n.flex_column.av-4mspe-0b74e3fd9e1a78a7ed408ef48059c33b{\nborder-radius:0px 0px 0px 0px;\npadding:0px 0px 0px 0px;\n}\n<\/style>\n<div  class='flex_column av-4mspe-0b74e3fd9e1a78a7ed408ef48059c33b av_two_third  avia-builder-el-4  el_after_av_one_third  avia-builder-el-last  no_margin flex_column_div av-zero-column-padding  '     ><\/div>\n\n<\/div><\/div><\/main><!-- close content main element --><\/div><\/div>\n<style type=\"text\/css\" data-created_by=\"avia_inline_auto\" id=\"style-css-av-3op8i-c3b2b8293004e4055e39aae27be633a1\">\n.avia-section.av-3op8i-c3b2b8293004e4055e39aae27be633a1{\nbackground-repeat:no-repeat;\nbackground-image:url(https:\/\/lavaquitacheese.com\/wp-content\/uploads\/2020\/11\/QuesoCotija-BG-MIDDLE.jpg);\nbackground-position:100% 50%;\nbackground-attachment:scroll;\n}\n<\/style>\n<div id='av_section_2'  class='avia-section av-3op8i-c3b2b8293004e4055e39aae27be633a1 main_color avia-section-default avia-no-border-styling  avia-builder-el-5  el_after_av_section  el_before_av_section  product_middle avia-full-stretch avia-bg-style-scroll container_wrap fullsize'  data-section-bg-repeat='stretch'><div class='container av-section-cont-open' ><div class='template-page content  av-content-full alpha units'><div class='post-entry post-entry-type-page post-entry-385'><div class='entry-content-wrapper clearfix'>\n\n<style type=\"text\/css\" data-created_by=\"avia_inline_auto\" id=\"style-css-av-2lgcm-6697df4fa30f703dc9f3998971cd4f3f\">\n.flex_column.av-2lgcm-6697df4fa30f703dc9f3998971cd4f3f{\nborder-radius:0px 0px 0px 0px;\npadding:0px 0px 0px 0px;\n}\n<\/style>\n<div  class='flex_column av-2lgcm-6697df4fa30f703dc9f3998971cd4f3f av_three_fifth  avia-builder-el-6  el_before_av_two_fifth  avia-builder-el-first  first flex_column_div av-zero-column-padding  '     ><style type=\"text\/css\" data-created_by=\"avia_inline_auto\" id=\"style-css-av-1xdga-c0a7b4b984568f0f03ed6de834d5d4c1\">\n#top .av_textblock_section.av-1xdga-c0a7b4b984568f0f03ed6de834d5d4c1 .avia_textblock{\nfont-size:20px;\n}\n<\/style>\n<section  class='av_textblock_section av-1xdga-c0a7b4b984568f0f03ed6de834d5d4c1 '   itemscope=\"itemscope\" itemtype=\"https:\/\/schema.org\/CreativeWork\" ><div class='avia_textblock'  itemprop=\"text\" ><p><span style=\"font-weight: 400;\">Cotija, llamado as\u00ed por la ciudad de Cotija, ubicada en el estado mexicano de <\/span><span style=\"font-weight: 400;\">Michoac\u00e1n. Es<\/span><span style=\"font-weight: 400;\"> un <\/span><span style=\"font-weight: 400;\">queso rallado<\/span><span style=\"font-weight: 400;\"> duro, desmenuzable y a\u00f1ejado, que se elabora principalmente con leche de vaca. <\/span><span style=\"font-weight: 400;\">Nuestro Queso Cotija lleva el sabor y la tradici\u00f3n t\u00edpicos de M\u00e9xico, lo que lo hace un <\/span><span style=\"font-weight: 400;\">queso rallado<\/span><span style=\"font-weight: 400;\"> vers\u00e1til, y muy utilizado para realzar el sabor de una variedad de platillos.<\/span><\/p>\n<p><span style=\"font-weight: 400;\">Combina un sabor salado y fuerte con una textura seca y densa. Al queso Cotija se le llama \u201cel Parmesano de M\u00e9xico\u201d.<\/span><\/p>\n<p>Presentaci\u00f3n: Cu\u00f1a de 12 onzas | Rallado de 8 onzas y 2 libras<\/p>\n<\/div><\/section><\/div>\n<style type=\"text\/css\" data-created_by=\"avia_inline_auto\" id=\"style-css-av-1mviq-2f6c7c332b5a8bfd1433afbb9ea94469\">\n.flex_column.av-1mviq-2f6c7c332b5a8bfd1433afbb9ea94469{\nborder-radius:0px 0px 0px 0px;\npadding:0px 0px 0px 0px;\n}\n<\/style>\n<div  class='flex_column av-1mviq-2f6c7c332b5a8bfd1433afbb9ea94469 av_two_fifth  avia-builder-el-8  el_after_av_three_fifth  avia-builder-el-last  flex_column_div av-zero-column-padding  '     ><\/div><\/div><\/div><\/div><!-- close content main div --><\/div><\/div>\n<style type=\"text\/css\" data-created_by=\"avia_inline_auto\" id=\"style-css-av-rko2-1aefc26d7857420bc6073ccf014992b9\">\n.avia-section.av-rko2-1aefc26d7857420bc6073ccf014992b9{\nbackground-repeat:no-repeat;\nbackground-image:url(https:\/\/lavaquitacheese.com\/wp-content\/uploads\/2020\/11\/Products_Quesos_QuesoCotija_BOTTOM_1.jpg);\nbackground-position:0% 50%;\nbackground-attachment:scroll;\n}\n<\/style>\n<div id='av_section_3'  class='avia-section av-rko2-1aefc26d7857420bc6073ccf014992b9 main_color avia-section-default avia-no-border-styling  avia-builder-el-9  el_after_av_section  avia-builder-el-last  bg-slide product_bottom avia-full-stretch avia-bg-style-scroll av-minimum-height av-minimum-height-custom av-height-custom  container_wrap fullsize'  data-section-bg-repeat='stretch' data-av_minimum_height_px='400'><div class='container av-section-cont-open' style='height:400px'><div class='template-page content  av-content-full alpha units'><div class='post-entry post-entry-type-page post-entry-385'><div class='entry-content-wrapper clearfix'>\n\n<style type=\"text\/css\" data-created_by=\"avia_inline_auto\" id=\"style-css-av-1mviq-3852cf944ada201eaff6e88830b8c573\">\n.flex_column.av-1mviq-3852cf944ada201eaff6e88830b8c573{\nborder-radius:0px 0px 0px 0px;\npadding:0px 0px 0px 0px;\n}\n<\/style>\n<div  class='flex_column av-1mviq-3852cf944ada201eaff6e88830b8c573 av_two_fifth  avia-builder-el-10  el_before_av_three_fifth  avia-builder-el-first  first flex_column_div av-zero-column-padding  '     ><\/div>\n<style type=\"text\/css\" data-created_by=\"avia_inline_auto\" id=\"style-css-av-1mviq-2f6c7c332b5a8bfd1433afbb9ea94469\">\n.flex_column.av-1mviq-2f6c7c332b5a8bfd1433afbb9ea94469{\nborder-radius:0px 0px 0px 0px;\npadding:0px 0px 0px 0px;\n}\n<\/style>\n<div  class='flex_column av-1mviq-2f6c7c332b5a8bfd1433afbb9ea94469 av_three_fifth  avia-builder-el-11  el_after_av_two_fifth  avia-builder-el-last  flex_column_div av-zero-column-padding  '     ><style type=\"text\/css\" data-created_by=\"avia_inline_auto\" id=\"style-css-av-1xdga-c0a7b4b984568f0f03ed6de834d5d4c1\">\n#top .av_textblock_section.av-1xdga-c0a7b4b984568f0f03ed6de834d5d4c1 .avia_textblock{\nfont-size:20px;\n}\n<\/style>\n<section  class='av_textblock_section av-1xdga-c0a7b4b984568f0f03ed6de834d5d4c1 '   itemscope=\"itemscope\" itemtype=\"https:\/\/schema.org\/CreativeWork\" ><div class='avia_textblock'  itemprop=\"text\" ><h3>C\u00d3MO DISFRUTARLO<\/h3>\n<ul>\n<li>Rallado, como el parmesano<\/li>\n<li>Con tacos y otras delicias mexicanas<\/li>\n<li>Como un sabroso aderezo para habichuelas, vegetales y sopas<\/li>\n<li>Como el toque final para pastas y guisados<\/li>\n<\/ul>\n<\/div><\/section><br \/>\n<div  class='avia-button-wrap av-67lorv-6161d0868d4c8c82c41bacac5609c856-wrap avia-button-right  avia-builder-el-13  el_after_av_textblock  avia-builder-el-last '><a href='https:\/\/lavaquitacheese.com\/es\/recetas\/'  class='avia-button av-67lorv-6161d0868d4c8c82c41bacac5609c856 av-link-btn avia-icon_select-no avia-size-medium avia-position-right avia-color-theme-color'   aria-label=\"Mira nuestras recetas\"><span class='avia_iconbox_title' >Mira nuestras recetas<\/span><\/a><\/div><\/p><\/div><\/p>\n","protected":false},"excerpt":{"rendered":"","protected":false},"author":12,"featured_media":0,"parent":357,"menu_order":0,"comment_status":"closed","ping_status":"closed","template":"","meta":{"footnotes":""},"class_list":["post-385","page","type-page","status-publish","hentry"],"_links":{"self":[{"href":"https:\/\/lavaquitacheese.com\/es\/wp-json\/wp\/v2\/pages\/385","targetHints":{"allow":["GET"]}}],"collection":[{"href":"https:\/\/lavaquitacheese.com\/es\/wp-json\/wp\/v2\/pages"}],"about":[{"href":"https:\/\/lavaquitacheese.com\/es\/wp-json\/wp\/v2\/types\/page"}],"author":[{"embeddable":true,"href":"https:\/\/lavaquitacheese.com\/es\/wp-json\/wp\/v2\/users\/12"}],"replies":[{"embeddable":true,"href":"https:\/\/lavaquitacheese.com\/es\/wp-json\/wp\/v2\/comments?post=385"}],"version-history":[{"count":3,"href":"https:\/\/lavaquitacheese.com\/es\/wp-json\/wp\/v2\/pages\/385\/revisions"}],"predecessor-version":[{"id":476,"href":"https:\/\/lavaquitacheese.com\/es\/wp-json\/wp\/v2\/pages\/385\/revisions\/476"}],"up":[{"embeddable":true,"href":"https:\/\/lavaquitacheese.com\/es\/wp-json\/wp\/v2\/pages\/357"}],"wp:attachment":[{"href":"https:\/\/lavaquitacheese.com\/es\/wp-json\/wp\/v2\/media?parent=385"}],"curies":[{"name":"wp","href":"https:\/\/api.w.org\/{rel}","templated":true}]}}