{"id":381,"date":"2016-07-28T12:54:21","date_gmt":"2016-07-28T17:54:21","guid":{"rendered":"https:\/\/lavaquitacheese.com\/es\/?page_id=381"},"modified":"2020-12-09T18:01:31","modified_gmt":"2020-12-09T23:01:31","slug":"crema-mexicana-agria","status":"publish","type":"page","link":"https:\/\/lavaquitacheese.com\/es\/productos\/cremas\/crema-mexicana-agria\/","title":{"rendered":"CREMA MEXICANA AGRIA"},"content":{"rendered":"\n<style type=\"text\/css\" data-created_by=\"avia_inline_auto\" id=\"style-css-av-7jkdy-bccf7f3f4455d8debd8badc02b99dac9\">\n.avia-section.av-7jkdy-bccf7f3f4455d8debd8badc02b99dac9{\nbackground-repeat:no-repeat;\nbackground-image:url(https:\/\/lavaquitacheese.com\/wp-content\/uploads\/2020\/11\/Products_Crema_CremaMexicanaAgria_HeaderImage.jpg);\nbackground-position:50% 100%;\nbackground-attachment:scroll;\n}\n<\/style>\n<div id='av_section_1'  class='avia-section av-7jkdy-bccf7f3f4455d8debd8badc02b99dac9 main_color avia-section-default avia-no-border-styling  avia-builder-el-0  el_before_av_section  avia-builder-el-first  zz page_header avia-full-stretch avia-bg-style-scroll av-minimum-height av-minimum-height-custom av-height-custom  container_wrap fullsize'  data-section-bg-repeat='stretch' data-av_minimum_height_px='680'><div class='container av-section-cont-open' style='height:680px'><main  role=\"main\" itemprop=\"mainContentOfPage\"  class='template-page content  av-content-full alpha units'><div class='post-entry post-entry-type-page post-entry-381'><div class='entry-content-wrapper clearfix'>\n<div class='flex_column_table av-plu2-e8a17545a99387d2d58477009034991c sc-av_one_third av-equal-height-column-flextable'>\n<style type=\"text\/css\" data-created_by=\"avia_inline_auto\" id=\"style-css-av-plu2-e8a17545a99387d2d58477009034991c\">\n.flex_column.av-plu2-e8a17545a99387d2d58477009034991c{\nborder-radius:0px 0px 0px 0px;\npadding:0px 0px 0px 0px;\n}\n<\/style>\n<div  class='flex_column av-plu2-e8a17545a99387d2d58477009034991c av_one_third  avia-builder-el-1  el_before_av_two_third  avia-builder-el-first  zz first no_margin flex_column_table_cell av-equal-height-column av-align-middle av-animated-generic fade-in av-zero-column-padding avia-full-stretch  '     ><p>\n<style type=\"text\/css\" data-created_by=\"avia_inline_auto\" id=\"style-css-av-av_heading-5dc772bc6412f29ea88e3cbd0c7abfbb\">\n#top .av-special-heading.av-av_heading-5dc772bc6412f29ea88e3cbd0c7abfbb{\npadding-bottom:5px;\ncolor:#ffffff;\nfont-size:45px;\n}\nbody .av-special-heading.av-av_heading-5dc772bc6412f29ea88e3cbd0c7abfbb .av-special-heading-tag .heading-char{\nfont-size:25px;\n}\n#top #wrap_all .av-special-heading.av-av_heading-5dc772bc6412f29ea88e3cbd0c7abfbb .av-special-heading-tag{\nfont-size:45px;\n}\n.av-special-heading.av-av_heading-5dc772bc6412f29ea88e3cbd0c7abfbb .special-heading-inner-border{\nborder-color:#ffffff;\n}\n.av-special-heading.av-av_heading-5dc772bc6412f29ea88e3cbd0c7abfbb .av-subheading{\nfont-size:18px;\n}\n\n@media only screen and (min-width: 480px) and (max-width: 767px){ \n#top #wrap_all .av-special-heading.av-av_heading-5dc772bc6412f29ea88e3cbd0c7abfbb .av-special-heading-tag{\nfont-size:0.8em;\n}\n}\n\n@media only screen and (max-width: 479px){ \n#top #wrap_all .av-special-heading.av-av_heading-5dc772bc6412f29ea88e3cbd0c7abfbb .av-special-heading-tag{\nfont-size:0.8em;\n}\n}\n<\/style>\n<div  class='av-special-heading av-av_heading-5dc772bc6412f29ea88e3cbd0c7abfbb av-special-heading-h2 custom-color-heading blockquote modern-quote modern-centered  avia-builder-el-2  el_before_av_textblock  avia-builder-el-first  av-inherit-size'><h2 class='av-special-heading-tag '  itemprop=\"headline\"  >Crema Mexicana Agria<\/h2><div class=\"special-heading-border\"><div class=\"special-heading-inner-border\"><\/div><\/div><\/div><br \/>\n\n<style type=\"text\/css\" data-created_by=\"avia_inline_auto\" id=\"style-css-av-54uea-c8649c623ba47821994ff9b2be0e3207\">\n#top .av_textblock_section.av-54uea-c8649c623ba47821994ff9b2be0e3207 .avia_textblock{\nfont-size:21px;\n}\n<\/style>\n<section  class='av_textblock_section av-54uea-c8649c623ba47821994ff9b2be0e3207 '   itemscope=\"itemscope\" itemtype=\"https:\/\/schema.org\/CreativeWork\" ><div class='avia_textblock'  itemprop=\"text\" ><p class=\"p1\"><span class=\"s1\">Es una crema agria, rica, refinada y f\u00e1cil de untar.<\/span><\/p>\n<\/div><\/section><\/p><\/div>\n<style type=\"text\/css\" data-created_by=\"avia_inline_auto\" id=\"style-css-av-4mspe-0b74e3fd9e1a78a7ed408ef48059c33b\">\n.flex_column.av-4mspe-0b74e3fd9e1a78a7ed408ef48059c33b{\nborder-radius:0px 0px 0px 0px;\npadding:0px 0px 0px 0px;\n}\n<\/style>\n<div  class='flex_column av-4mspe-0b74e3fd9e1a78a7ed408ef48059c33b av_two_third  avia-builder-el-4  el_after_av_one_third  avia-builder-el-last  no_margin flex_column_table_cell av-equal-height-column av-align-middle av-zero-column-padding  '     ><\/div><\/div><!--close column table wrapper. Autoclose: 1 --><\/div><\/div><\/main><!-- close content main element --><\/div><\/div>\n<style type=\"text\/css\" data-created_by=\"avia_inline_auto\" id=\"style-css-av-3op8i-0b6c1a484ce1c3dc74bcb81758b112e2\">\n.avia-section.av-3op8i-0b6c1a484ce1c3dc74bcb81758b112e2{\nbackground-repeat:no-repeat;\nbackground-image:url(https:\/\/lavaquitacheese.com\/wp-content\/uploads\/2020\/11\/CreamaMexicanaAgria-BG-MIDDLE.jpg);\nbackground-position:100% 50%;\nbackground-attachment:scroll;\n}\n<\/style>\n<div id='av_section_2'  class='avia-section av-3op8i-0b6c1a484ce1c3dc74bcb81758b112e2 main_color avia-section-default avia-no-border-styling  avia-builder-el-5  el_after_av_section  el_before_av_section  product_middle avia-full-stretch avia-bg-style-scroll av-minimum-height av-minimum-height-custom av-height-custom  container_wrap fullsize'  data-section-bg-repeat='stretch' data-av_minimum_height_px='560'><div class='container av-section-cont-open' style='height:560px'><div class='template-page content  av-content-full alpha units'><div class='post-entry post-entry-type-page post-entry-381'><div class='entry-content-wrapper clearfix'>\n\n<style type=\"text\/css\" data-created_by=\"avia_inline_auto\" id=\"style-css-av-2lgcm-6697df4fa30f703dc9f3998971cd4f3f\">\n.flex_column.av-2lgcm-6697df4fa30f703dc9f3998971cd4f3f{\nborder-radius:0px 0px 0px 0px;\npadding:0px 0px 0px 0px;\n}\n<\/style>\n<div  class='flex_column av-2lgcm-6697df4fa30f703dc9f3998971cd4f3f av_three_fifth  avia-builder-el-6  el_before_av_two_fifth  avia-builder-el-first  first flex_column_div av-zero-column-padding  '     ><style type=\"text\/css\" data-created_by=\"avia_inline_auto\" id=\"style-css-av-1xdga-c0a7b4b984568f0f03ed6de834d5d4c1\">\n#top .av_textblock_section.av-1xdga-c0a7b4b984568f0f03ed6de834d5d4c1 .avia_textblock{\nfont-size:20px;\n}\n<\/style>\n<section  class='av_textblock_section av-1xdga-c0a7b4b984568f0f03ed6de834d5d4c1 '   itemscope=\"itemscope\" itemtype=\"https:\/\/schema.org\/CreativeWork\" ><div class='avia_textblock'  itemprop=\"text\" ><p>Es una crema agria, rica, refinada y f\u00e1cil de untar. Tiene sabor \u00e1cido y salado similar a la crema agria convencional y es de color blanco como la leche.<\/p>\n<p>Nuestra Crema Mexicana Agria es un ingrediente confiable y de alta calidad para darle un sabor t\u00edpico tanto a los platos tradicionales como a los m\u00e1s innovadores. Prueba esta crema, rica en sabor y en tradici\u00f3n. <\/p>\n<p>Presentaci\u00f3n: Botella 15 onzas<\/p>\n<\/div><\/section><\/div>\n<style type=\"text\/css\" data-created_by=\"avia_inline_auto\" id=\"style-css-av-1mviq-2f6c7c332b5a8bfd1433afbb9ea94469\">\n.flex_column.av-1mviq-2f6c7c332b5a8bfd1433afbb9ea94469{\nborder-radius:0px 0px 0px 0px;\npadding:0px 0px 0px 0px;\n}\n<\/style>\n<div  class='flex_column av-1mviq-2f6c7c332b5a8bfd1433afbb9ea94469 av_two_fifth  avia-builder-el-8  el_after_av_three_fifth  avia-builder-el-last  flex_column_div av-zero-column-padding  '     ><\/div><\/div><\/div><\/div><!-- close content main div --><\/div><\/div>\n<style type=\"text\/css\" data-created_by=\"avia_inline_auto\" id=\"style-css-av-rko2-193df6c0f9285927b25145c9a3c46e1f\">\n.avia-section.av-rko2-193df6c0f9285927b25145c9a3c46e1f{\nbackground-repeat:no-repeat;\nbackground-image:url(https:\/\/lavaquitacheese.com\/wp-content\/uploads\/2020\/11\/Products_Creama_MexicanaAgria_BOTTOM_1.jpg);\nbackground-position:0% 50%;\nbackground-attachment:scroll;\n}\n<\/style>\n<div id='av_section_3'  class='avia-section av-rko2-193df6c0f9285927b25145c9a3c46e1f main_color avia-section-default avia-no-border-styling  avia-builder-el-9  el_after_av_section  avia-builder-el-last  bg-slide product_bottom avia-full-stretch avia-bg-style-scroll av-minimum-height av-minimum-height-custom av-height-custom  container_wrap fullsize'  data-section-bg-repeat='stretch' data-av_minimum_height_px='400'><div class='container av-section-cont-open' style='height:400px'><div class='template-page content  av-content-full alpha units'><div class='post-entry post-entry-type-page post-entry-381'><div class='entry-content-wrapper clearfix'>\n\n<style type=\"text\/css\" data-created_by=\"avia_inline_auto\" id=\"style-css-av-1mviq-3852cf944ada201eaff6e88830b8c573\">\n.flex_column.av-1mviq-3852cf944ada201eaff6e88830b8c573{\nborder-radius:0px 0px 0px 0px;\npadding:0px 0px 0px 0px;\n}\n<\/style>\n<div  class='flex_column av-1mviq-3852cf944ada201eaff6e88830b8c573 av_two_fifth  avia-builder-el-10  el_before_av_three_fifth  avia-builder-el-first  first flex_column_div av-zero-column-padding  '     ><\/div>\n<style type=\"text\/css\" data-created_by=\"avia_inline_auto\" id=\"style-css-av-1mviq-2f6c7c332b5a8bfd1433afbb9ea94469\">\n.flex_column.av-1mviq-2f6c7c332b5a8bfd1433afbb9ea94469{\nborder-radius:0px 0px 0px 0px;\npadding:0px 0px 0px 0px;\n}\n<\/style>\n<div  class='flex_column av-1mviq-2f6c7c332b5a8bfd1433afbb9ea94469 av_three_fifth  avia-builder-el-11  el_after_av_two_fifth  avia-builder-el-last  flex_column_div av-zero-column-padding  '     ><style type=\"text\/css\" data-created_by=\"avia_inline_auto\" id=\"style-css-av-1xdga-c0a7b4b984568f0f03ed6de834d5d4c1\">\n#top .av_textblock_section.av-1xdga-c0a7b4b984568f0f03ed6de834d5d4c1 .avia_textblock{\nfont-size:20px;\n}\n<\/style>\n<section  class='av_textblock_section av-1xdga-c0a7b4b984568f0f03ed6de834d5d4c1 '   itemscope=\"itemscope\" itemtype=\"https:\/\/schema.org\/CreativeWork\" ><div class='avia_textblock'  itemprop=\"text\" ><h3>C\u00d3MO DISFRUTARLA<\/h3>\n<ul>\n<li>Como aderezo, al igual que la crema agria<\/li>\n<li>Sobre acompa\u00f1amientos, tales como pl\u00e1tanos o patatas al horno<\/li>\n<li>Sobre tostadas u otras delicias mexicanas<\/li>\n<li>Como base de salsas y pastas para untar<\/li>\n<\/ul>\n<\/div><\/section><br \/>\n<div  class='avia-button-wrap av-67lorv-d97a81149fb14279b7a8e02cf5d97aa8-wrap avia-button-right  avia-builder-el-13  el_after_av_textblock  avia-builder-el-last '><a href='https:\/\/lavaquitacheese.com\/es\/recetas\/'  class='avia-button av-67lorv-d97a81149fb14279b7a8e02cf5d97aa8 av-link-btn avia-icon_select-no avia-size-medium avia-position-right avia-color-theme-color'   aria-label=\"Mira nuestras receta\"><span class='avia_iconbox_title' >Mira nuestras receta<\/span><\/a><\/div><\/p><\/div><\/p>\n","protected":false},"excerpt":{"rendered":"","protected":false},"author":12,"featured_media":0,"parent":366,"menu_order":0,"comment_status":"closed","ping_status":"closed","template":"","meta":{"footnotes":""},"class_list":["post-381","page","type-page","status-publish","hentry"],"_links":{"self":[{"href":"https:\/\/lavaquitacheese.com\/es\/wp-json\/wp\/v2\/pages\/381","targetHints":{"allow":["GET"]}}],"collection":[{"href":"https:\/\/lavaquitacheese.com\/es\/wp-json\/wp\/v2\/pages"}],"about":[{"href":"https:\/\/lavaquitacheese.com\/es\/wp-json\/wp\/v2\/types\/page"}],"author":[{"embeddable":true,"href":"https:\/\/lavaquitacheese.com\/es\/wp-json\/wp\/v2\/users\/12"}],"replies":[{"embeddable":true,"href":"https:\/\/lavaquitacheese.com\/es\/wp-json\/wp\/v2\/comments?post=381"}],"version-history":[{"count":3,"href":"https:\/\/lavaquitacheese.com\/es\/wp-json\/wp\/v2\/pages\/381\/revisions"}],"predecessor-version":[{"id":481,"href":"https:\/\/lavaquitacheese.com\/es\/wp-json\/wp\/v2\/pages\/381\/revisions\/481"}],"up":[{"embeddable":true,"href":"https:\/\/lavaquitacheese.com\/es\/wp-json\/wp\/v2\/pages\/366"}],"wp:attachment":[{"href":"https:\/\/lavaquitacheese.com\/es\/wp-json\/wp\/v2\/media?parent=381"}],"curies":[{"name":"wp","href":"https:\/\/api.w.org\/{rel}","templated":true}]}}