{"id":377,"date":"2016-08-19T15:50:53","date_gmt":"2016-08-19T20:50:53","guid":{"rendered":"https:\/\/lavaquitacheese.com\/es\/?page_id=377"},"modified":"2016-08-23T09:38:49","modified_gmt":"2016-08-23T14:38:49","slug":"politica-de-privacidad","status":"publish","type":"page","link":"https:\/\/lavaquitacheese.com\/es\/politica-de-privacidad\/","title":{"rendered":"Pol\u00edtica de Privacidad"},"content":{"rendered":"\n<style type=\"text\/css\" data-created_by=\"avia_inline_auto\" id=\"style-css-av-av_section-23fcc5c676071818ec9822dbefcadc04\">\n.avia-section.av-av_section-23fcc5c676071818ec9822dbefcadc04{\nbackground-color:#eaeae8;\nbackground-image:unset;\n}\n<\/style>\n<div id='av_section_1'  class='avia-section av-av_section-23fcc5c676071818ec9822dbefcadc04 main_color avia-section-default avia-no-border-styling  avia-builder-el-0  avia-builder-el-no-sibling  avia-bg-style-parallax av-minimum-height av-minimum-height-custom av-height-custom  container_wrap fullsize'   data-av_minimum_height_px='560'><div class='container av-section-cont-open' style='height:560px'><main  role=\"main\" itemprop=\"mainContentOfPage\"  class='template-page content  av-content-full alpha units'><div class='post-entry post-entry-type-page post-entry-377'><div class='entry-content-wrapper clearfix'>\n<div class='flex_column_table av-av_one_full-169e5a607a277699ae4d12b1f6626805 sc-av_one_full av-equal-height-column-flextable'>\n<style type=\"text\/css\" data-created_by=\"avia_inline_auto\" id=\"style-css-av-av_one_full-169e5a607a277699ae4d12b1f6626805\">\n.flex_column.av-av_one_full-169e5a607a277699ae4d12b1f6626805{\nborder-radius:0px 0px 0px 0px;\npadding:0px 0px 0px 0px;\n}\n<\/style>\n<div  class='flex_column av-av_one_full-169e5a607a277699ae4d12b1f6626805 av_one_full  avia-builder-el-1  avia-builder-el-no-sibling  first flex_column_table_cell av-equal-height-column av-align-middle av-zero-column-padding  '     ><p>\n<style type=\"text\/css\" data-created_by=\"avia_inline_auto\" id=\"style-css-av-av_heading-37c262fc20c47d6a46d8e82cf3c7838b\">\n#top .av-special-heading.av-av_heading-37c262fc20c47d6a46d8e82cf3c7838b{\npadding-bottom:20px;\nfont-size:50px;\n}\nbody .av-special-heading.av-av_heading-37c262fc20c47d6a46d8e82cf3c7838b .av-special-heading-tag .heading-char{\nfont-size:25px;\n}\n#top #wrap_all .av-special-heading.av-av_heading-37c262fc20c47d6a46d8e82cf3c7838b .av-special-heading-tag{\nfont-size:50px;\n}\n.av-special-heading.av-av_heading-37c262fc20c47d6a46d8e82cf3c7838b .av-subheading{\nfont-size:18px;\n}\n\n@media only screen and (min-width: 480px) and (max-width: 767px){ \n#top #wrap_all .av-special-heading.av-av_heading-37c262fc20c47d6a46d8e82cf3c7838b .av-special-heading-tag{\nfont-size:0.8em;\n}\n}\n\n@media only screen and (max-width: 479px){ \n#top #wrap_all .av-special-heading.av-av_heading-37c262fc20c47d6a46d8e82cf3c7838b .av-special-heading-tag{\nfont-size:0.8em;\n}\n}\n<\/style>\n<div  class='av-special-heading av-av_heading-37c262fc20c47d6a46d8e82cf3c7838b av-special-heading-h3 custom-color-heading blockquote modern-quote modern-centered  avia-builder-el-2  el_before_av_textblock  avia-builder-el-first  av-inherit-size'><h3 class='av-special-heading-tag '  itemprop=\"headline\"  >POL\u00cdTICA DE PRIVACIDAD<\/h3><div class=\"special-heading-border\"><div class=\"special-heading-inner-border\"><\/div><\/div><\/div><br \/>\n<section  class='av_textblock_section av-av_textblock-0366cc7376be6c9e82a3e9cc8987b64f '   itemscope=\"itemscope\" itemtype=\"https:\/\/schema.org\/CreativeWork\" ><div class='avia_textblock'  itemprop=\"text\" ><p>Dairy Farmers of America, Inc. (\u201cDFA\u201d) le agradece su visita a nuestra p\u00e1gina web. El acceso y uso de esta p\u00e1gina web implica la plena aceptaci\u00f3n de los t\u00e9rminos y condiciones que se exponen en este sitio, y que pueden ser modificados en cualquier momento.<\/p>\n<p><strong>Propiedad Intelectual<\/strong>. El contenido de este sitio web est\u00e1 protegido, total o parcialmente, por el derecho a la propiedad intelectual. Usted tiene permitido descargar una copia del material de este sitio para uso personal y no comercial mientras no redistribuya ni modifique el contenido.<\/p>\n<p><strong>Marcas Registradas.<\/strong>\u00a0\u201cBorden\u201d, \u201cElsie\u201d y \u201cBorden Brings the Dairy Home\u201d son marcas registradas utilizadas bajo licencia de BDS Two, Inc. Otras marcas, registradas o no registradas, son propiedad de, o tienen licencia concedida por, \u00a0DFA.<\/p>\n<p><strong>Aviso Legal.<\/strong>\u00a0El material de esta p\u00e1gina web es para ser usado en los Estados Unidos de Am\u00e9rica solamente, y puede contener errores u omisiones. El uso de esta p\u00e1gina web corre bajo su propio riesgo personal. Como condici\u00f3n de uso de esta p\u00e1gina web, los usuarios aceptan que DFA no ser\u00e1 responsable de ning\u00fan da\u00f1o directo, indirecto, consiguiente o punitivo, y que todo el contenido de esta p\u00e1gina est\u00e1 provisto \u201ctal como est\u00e1\u201d sin garant\u00edas de ning\u00fan tipo.<\/p>\n<p><strong>Hiperv\u00ednculo a otros Sitios Web<\/strong><strong>.<\/strong>\u00a0Los usuarios aceptan que \u00a0DFA no es responsable del contenido de los sitios web a los que tiene hiperv\u00ednculo.<\/p>\n<p><strong>Controles de Exportaci\u00f3n.<\/strong>\u00a0El software y\/o cualquier otro material de este sitio pueden estar sujetos a Leyes de Control de Exportaci\u00f3n de los Estados Unidos (\u201cUSEC\u201d). DFA no autoriza la descarga o exportaci\u00f3n de cualquier contenido de esta p\u00e1gina a ninguna jurisdicci\u00f3n, pa\u00eds o individuo que est\u00e9 prohibido por las leyes y las normativas de USEC.<\/p>\n<p><strong>Env\u00edo de Ideas<\/strong><strong>.<\/strong>\u00a0DFA no acepta ni considera pagar ideas creativas ni sugerencias sin un acuerdo escrito previo. Si usted elige voluntariamente enviar una idea, sugerencia, o comunicaci\u00f3n similar a DFA, dicho env\u00edo implica el acuerdo de que el material enviado no es confidencial o privado, y es de dominio p\u00fablico; y que en el caso de que DFA use dicho material, idea, etc. para el desarrollo, fabricaci\u00f3n o comercializaci\u00f3n de sus productos, o para cualquier otro fin, usted renuncia a cualquier derecho de propiedad o de compensaci\u00f3n.<\/p>\n<p><strong>Pol\u00edtica de Privacidad.<\/strong>\u00a0DFA respeta su privacidad. No tiene como objetivo acceder de manera subrepticia a direcciones de email, y la informaci\u00f3n personal suministrada para el uso de esta p\u00e1gina web ser\u00e1 utilizada solo con el prop\u00f3sito espec\u00edfico para el que dicha informaci\u00f3n fue solicitada, y para notificaciones y correos promocionales, a menos que usted espec\u00edficamente autorice otro\/s uso\/s.<\/p>\n<p>Las restricciones legales y las pol\u00edticas mencionadas anteriormente pueden ser modificadas en cualquier momento, y usted debe revisar esta p\u00e1gina cada vez que visite nuestro sitio web.<\/p>\n<\/div><\/section><\/p><\/div><\/div><!--close column table wrapper. Autoclose: 1 -->\n","protected":false},"excerpt":{"rendered":"","protected":false},"author":12,"featured_media":0,"parent":0,"menu_order":0,"comment_status":"closed","ping_status":"closed","template":"","meta":{"footnotes":""},"class_list":["post-377","page","type-page","status-publish","hentry"],"_links":{"self":[{"href":"https:\/\/lavaquitacheese.com\/es\/wp-json\/wp\/v2\/pages\/377","targetHints":{"allow":["GET"]}}],"collection":[{"href":"https:\/\/lavaquitacheese.com\/es\/wp-json\/wp\/v2\/pages"}],"about":[{"href":"https:\/\/lavaquitacheese.com\/es\/wp-json\/wp\/v2\/types\/page"}],"author":[{"embeddable":true,"href":"https:\/\/lavaquitacheese.com\/es\/wp-json\/wp\/v2\/users\/12"}],"replies":[{"embeddable":true,"href":"https:\/\/lavaquitacheese.com\/es\/wp-json\/wp\/v2\/comments?post=377"}],"version-history":[{"count":3,"href":"https:\/\/lavaquitacheese.com\/es\/wp-json\/wp\/v2\/pages\/377\/revisions"}],"predecessor-version":[{"id":452,"href":"https:\/\/lavaquitacheese.com\/es\/wp-json\/wp\/v2\/pages\/377\/revisions\/452"}],"wp:attachment":[{"href":"https:\/\/lavaquitacheese.com\/es\/wp-json\/wp\/v2\/media?parent=377"}],"curies":[{"name":"wp","href":"https:\/\/api.w.org\/{rel}","templated":true}]}}