{"id":371,"date":"2016-08-19T15:29:48","date_gmt":"2016-08-19T20:29:48","guid":{"rendered":"https:\/\/lavaquitacheese.com\/es\/?page_id=371"},"modified":"2021-01-06T13:55:30","modified_gmt":"2021-01-06T18:55:30","slug":"nuestra-historia","status":"publish","type":"page","link":"https:\/\/lavaquitacheese.com\/es\/nuestra-historia\/","title":{"rendered":"Nuestra Historia"},"content":{"rendered":"\n<style type=\"text\/css\" data-created_by=\"avia_inline_auto\" id=\"style-css-av-khlj6rb4-dba41b1e67220467d3335f504743ebd9\">\n.avia-section.av-khlj6rb4-dba41b1e67220467d3335f504743ebd9{\nbackground-repeat:no-repeat;\nbackground-image:url(https:\/\/lavaquitacheese.com\/wp-content\/uploads\/2020\/11\/NuestraHistoria_HeaderImage_1.jpg);\nbackground-position:50% 50%;\nbackground-attachment:scroll;\n}\n<\/style>\n<div id='av_section_1'  class='avia-section av-khlj6rb4-dba41b1e67220467d3335f504743ebd9 main_color avia-section-default avia-no-border-styling  avia-builder-el-0  el_before_av_section  avia-builder-el-first  zz bg-slide page_header avia-full-stretch avia-bg-style-scroll av-minimum-height av-minimum-height-custom av-height-custom  container_wrap fullsize'  data-section-bg-repeat='stretch' data-av_minimum_height_px='680'><div class='container av-section-cont-open' style='height:680px'><main  role=\"main\" itemprop=\"mainContentOfPage\"  class='template-page content  av-content-full alpha units'><div class='post-entry post-entry-type-page post-entry-371'><div class='entry-content-wrapper clearfix'>\n\n<style type=\"text\/css\" data-created_by=\"avia_inline_auto\" id=\"style-css-av-xx2mb-2737c29cdf91feb0bceb6beca1ef5aeb\">\n.flex_column.av-xx2mb-2737c29cdf91feb0bceb6beca1ef5aeb{\nborder-radius:0px 0px 0px 0px;\npadding:0px 0px 0px 0px;\n}\n<\/style>\n<div  class='flex_column av-xx2mb-2737c29cdf91feb0bceb6beca1ef5aeb av_one_third  avia-builder-el-1  el_before_av_two_third  avia-builder-el-first  first flex_column_div av-animated-generic fade-in av-zero-column-padding  '     ><p>\n<style type=\"text\/css\" data-created_by=\"avia_inline_auto\" id=\"style-css-av-av_heading-ada777d3a8fde24dfd98a5065a6710d2\">\n#top .av-special-heading.av-av_heading-ada777d3a8fde24dfd98a5065a6710d2{\npadding-bottom:5px;\ncolor:#ffffff;\nfont-size:45px;\n}\nbody .av-special-heading.av-av_heading-ada777d3a8fde24dfd98a5065a6710d2 .av-special-heading-tag .heading-char{\nfont-size:25px;\n}\n#top #wrap_all .av-special-heading.av-av_heading-ada777d3a8fde24dfd98a5065a6710d2 .av-special-heading-tag{\nfont-size:45px;\n}\n.av-special-heading.av-av_heading-ada777d3a8fde24dfd98a5065a6710d2 .special-heading-inner-border{\nborder-color:#ffffff;\n}\n.av-special-heading.av-av_heading-ada777d3a8fde24dfd98a5065a6710d2 .av-subheading{\nfont-size:18px;\n}\n\n@media only screen and (min-width: 480px) and (max-width: 767px){ \n#top #wrap_all .av-special-heading.av-av_heading-ada777d3a8fde24dfd98a5065a6710d2 .av-special-heading-tag{\nfont-size:0.8em;\n}\n}\n\n@media only screen and (max-width: 479px){ \n#top #wrap_all .av-special-heading.av-av_heading-ada777d3a8fde24dfd98a5065a6710d2 .av-special-heading-tag{\nfont-size:0.8em;\n}\n}\n<\/style>\n<div  class='av-special-heading av-av_heading-ada777d3a8fde24dfd98a5065a6710d2 av-special-heading-h2 custom-color-heading blockquote modern-quote modern-centered  avia-builder-el-2  el_before_av_textblock  avia-builder-el-first  av-inherit-size'><h2 class='av-special-heading-tag '  itemprop=\"headline\"  >La historia de nuestro sabor<\/h2><div class=\"special-heading-border\"><div class=\"special-heading-inner-border\"><\/div><\/div><\/div><br \/>\n\n<style type=\"text\/css\" data-created_by=\"avia_inline_auto\" id=\"style-css-av-khlj7jp9-d694e09b5d19e05f2dd6f3ba3e005fd1\">\n#top .av_textblock_section.av-khlj7jp9-d694e09b5d19e05f2dd6f3ba3e005fd1 .avia_textblock{\nfont-size:21px;\n}\n<\/style>\n<section  class='av_textblock_section av-khlj7jp9-d694e09b5d19e05f2dd6f3ba3e005fd1 '   itemscope=\"itemscope\" itemtype=\"https:\/\/schema.org\/CreativeWork\" ><div class='avia_textblock'  itemprop=\"text\" ><p>Desde hace m\u00e1s de cinco d\u00e9cadas, <em>La Vaquita<sup>\u00ae<\/sup><\/em> te acerca las tradiciones y el sabor aut\u00e9ntico mexicano de los artesanos queseros a tus comidas de todos los d\u00edas.<\/p>\n<\/div><\/section><\/p><\/div>\n<style type=\"text\/css\" data-created_by=\"avia_inline_auto\" id=\"style-css-av-t0ycb-443232feb19b4a660d45d8a002b48ca6\">\n.flex_column.av-t0ycb-443232feb19b4a660d45d8a002b48ca6{\nborder-radius:0px 0px 0px 0px;\npadding:0px 0px 0px 0px;\n}\n<\/style>\n<div  class='flex_column av-t0ycb-443232feb19b4a660d45d8a002b48ca6 av_two_third  avia-builder-el-4  el_after_av_one_third  avia-builder-el-last  flex_column_div av-zero-column-padding  '     ><\/div><\/div><\/div><\/main><!-- close content main element --><\/div><\/div>\n<style type=\"text\/css\" data-created_by=\"avia_inline_auto\" id=\"style-css-av-khlj9jqj-e9844ed9af08ebe0d50fff1ec47f33de\">\n.avia-section.av-khlj9jqj-e9844ed9af08ebe0d50fff1ec47f33de{\nbackground-repeat:no-repeat;\nbackground-image:url(https:\/\/lavaquitacheese.com\/wp-content\/uploads\/2016\/07\/STORY-BG-MIDDLE.jpg);\nbackground-position:50% 50%;\nbackground-attachment:scroll;\n}\n<\/style>\n<div id='av_section_2'  class='avia-section av-khlj9jqj-e9844ed9af08ebe0d50fff1ec47f33de main_color avia-section-default avia-no-border-styling  avia-builder-el-5  el_after_av_section  el_before_av_section  story_middle avia-full-stretch avia-bg-style-scroll container_wrap fullsize'  data-section-bg-repeat='stretch'><div class='container av-section-cont-open' ><div class='template-page content  av-content-full alpha units'><div class='post-entry post-entry-type-page post-entry-371'><div class='entry-content-wrapper clearfix'>\n\n<style type=\"text\/css\" data-created_by=\"avia_inline_auto\" id=\"style-css-av-l2wi3-22f3b4dc4f862dfa1e2d784bb68eec33\">\n.flex_column.av-l2wi3-22f3b4dc4f862dfa1e2d784bb68eec33{\nborder-radius:0px 0px 0px 0px;\npadding:0px 0px 0px 0px;\n}\n<\/style>\n<div  class='flex_column av-l2wi3-22f3b4dc4f862dfa1e2d784bb68eec33 av_three_fifth  avia-builder-el-6  el_before_av_two_fifth  avia-builder-el-first  first flex_column_div av-zero-column-padding  '     ><style type=\"text\/css\" data-created_by=\"avia_inline_auto\" id=\"style-css-av-khlj8yu8-dbf414850d14cfda77879a1fbf85ac59\">\n#top .av_textblock_section.av-khlj8yu8-dbf414850d14cfda77879a1fbf85ac59 .avia_textblock{\nfont-size:20px;\n}\n<\/style>\n<section  class='av_textblock_section av-khlj8yu8-dbf414850d14cfda77879a1fbf85ac59 '   itemscope=\"itemscope\" itemtype=\"https:\/\/schema.org\/CreativeWork\" ><div class='avia_textblock'  itemprop=\"text\" ><p class=\"p1\"><span class=\"s1\">Nuestra historia comenz\u00f3 con un simple deseo: poder disfrutar en Estados Unidos<span class=\"Apple-converted-space\">\u00a0 <\/span>de quesos y cremas con sabor aut\u00e9ntico mexicano. Por esto, en 1971, Mar\u00eda <\/span><span class=\"s2\">Castro, reci\u00e9n llegada del estado de San Luis Potos\u00ed, M\u00e9xico, decidi\u00f3 elaborar Queso Fresco en su hogar de Houston. Su producci\u00f3n artesanal, de<span class=\"Apple-converted-space\">\u00a0 <\/span>lotes peque\u00f1os, se bas\u00f3 en la receta que hab\u00eda aprendido de su madre en la granja familiar de M\u00e9xico.Y r\u00e1pidamente empez\u00f3 a correrse la voz sobre la autenticidad y la calidad de sus quesos, y Mar\u00eda finalmente comenz\u00f3 a hacerlo para sus amigos, vecinos y otras personas de su comunidad.<\/span><\/p>\n<p class=\"p3\"><span class=\"s2\">Desde entonces, <em>La Vaquita<sup>\u00ae<\/sup><\/em> ha ayudado a ponerle un toque inigualable de sabor y tradici\u00f3n a la cocina mexicana en Texas. Nuestros productos enriquecen tus recetas con un sabor delicioso y aut\u00e9ntico, desde platillos preparados en la cocina hogare\u00f1a hasta las creaciones culinarias de chefs profesionales, preservando el sabor y el amor por las tradiciones mexicanas. <\/span><\/p>\n<\/div><\/section><\/div>\n<style type=\"text\/css\" data-created_by=\"avia_inline_auto\" id=\"style-css-av-cv6o3-4d7c584554407e403682618a4bed4927\">\n.flex_column.av-cv6o3-4d7c584554407e403682618a4bed4927{\nborder-radius:0px 0px 0px 0px;\npadding:0px 0px 0px 0px;\n}\n<\/style>\n<div  class='flex_column av-cv6o3-4d7c584554407e403682618a4bed4927 av_two_fifth  avia-builder-el-8  el_after_av_three_fifth  avia-builder-el-last  flex_column_div av-zero-column-padding  '     ><\/div><\/div><\/div><\/div><!-- close content main div --><\/div><\/div>\n<style type=\"text\/css\" data-created_by=\"avia_inline_auto\" id=\"style-css-av-6o3sz-c0be4f212c5b6fa4ddf45af078eab181\">\n.avia-section.av-6o3sz-c0be4f212c5b6fa4ddf45af078eab181 .av-parallax .av-parallax-inner{\nbackground-repeat:no-repeat;\nbackground-image:url(https:\/\/lavaquitacheese.com\/wp-content\/uploads\/2016\/07\/STORY-BG-BOTTOM.jpg);\nbackground-position:50% 100%;\nbackground-attachment:scroll;\n}\n<\/style>\n<div id='av_section_3'  class='avia-section av-6o3sz-c0be4f212c5b6fa4ddf45af078eab181 main_color avia-section-default avia-no-border-styling  avia-builder-el-9  el_after_av_section  avia-builder-el-last  av-parallax-section avia-bg-style-parallax av-minimum-height av-minimum-height-custom av-height-custom  container_wrap fullsize'  data-section-bg-repeat='no-repeat' data-av_minimum_height_px='680'><div class='av-parallax' data-avia-parallax-ratio='0.3' ><div class='av-parallax-inner main_color avia-full-stretch'><\/div><\/div><div class='container av-section-cont-open' style='height:680px'><div class='template-page content  av-content-full alpha units'><div class='post-entry post-entry-type-page post-entry-371'><div class='entry-content-wrapper clearfix'><\/p>\n","protected":false},"excerpt":{"rendered":"","protected":false},"author":12,"featured_media":0,"parent":0,"menu_order":0,"comment_status":"closed","ping_status":"closed","template":"","meta":{"footnotes":""},"class_list":["post-371","page","type-page","status-publish","hentry"],"_links":{"self":[{"href":"https:\/\/lavaquitacheese.com\/es\/wp-json\/wp\/v2\/pages\/371","targetHints":{"allow":["GET"]}}],"collection":[{"href":"https:\/\/lavaquitacheese.com\/es\/wp-json\/wp\/v2\/pages"}],"about":[{"href":"https:\/\/lavaquitacheese.com\/es\/wp-json\/wp\/v2\/types\/page"}],"author":[{"embeddable":true,"href":"https:\/\/lavaquitacheese.com\/es\/wp-json\/wp\/v2\/users\/12"}],"replies":[{"embeddable":true,"href":"https:\/\/lavaquitacheese.com\/es\/wp-json\/wp\/v2\/comments?post=371"}],"version-history":[{"count":2,"href":"https:\/\/lavaquitacheese.com\/es\/wp-json\/wp\/v2\/pages\/371\/revisions"}],"predecessor-version":[{"id":484,"href":"https:\/\/lavaquitacheese.com\/es\/wp-json\/wp\/v2\/pages\/371\/revisions\/484"}],"wp:attachment":[{"href":"https:\/\/lavaquitacheese.com\/es\/wp-json\/wp\/v2\/media?parent=371"}],"curies":[{"name":"wp","href":"https:\/\/api.w.org\/{rel}","templated":true}]}}