{"id":366,"date":"2016-07-27T17:33:28","date_gmt":"2016-07-27T22:33:28","guid":{"rendered":"https:\/\/lavaquitacheese.com\/es\/?page_id=366"},"modified":"2020-12-09T18:00:10","modified_gmt":"2020-12-09T23:00:10","slug":"cremas","status":"publish","type":"page","link":"https:\/\/lavaquitacheese.com\/es\/productos\/cremas\/","title":{"rendered":"Cremas"},"content":{"rendered":"\n<style type=\"text\/css\" data-created_by=\"avia_inline_auto\" id=\"style-css-av-7kezw3-d83eac8243b7af940410513b6eab66f2\">\n.avia-section.av-7kezw3-d83eac8243b7af940410513b6eab66f2{\nbackground-repeat:no-repeat;\nbackground-image:url(https:\/\/lavaquitacheese.com\/wp-content\/uploads\/2020\/11\/Products_Cremas_HeaderImage.jpg);\nbackground-position:50% 0%;\nbackground-attachment:scroll;\nmargin-top:0px;\nmargin-bottom:10px;\n}\n<\/style>\n<div id='av_section_1'  class='avia-section av-7kezw3-d83eac8243b7af940410513b6eab66f2 main_color avia-section-default avia-no-border-styling  avia-builder-el-0  el_before_av_section  avia-builder-el-first  zz page_header avia-full-stretch avia-bg-style-scroll av-minimum-height av-minimum-height-custom av-height-custom  container_wrap fullsize'  data-section-bg-repeat='stretch' data-av_minimum_height_px='680'><div class='container av-section-cont-open' style='height:680px'><main  role=\"main\" itemprop=\"mainContentOfPage\"  class='template-page content  av-content-full alpha units'><div class='post-entry post-entry-type-page post-entry-366'><div class='entry-content-wrapper clearfix'>\n\n<style type=\"text\/css\" data-created_by=\"avia_inline_auto\" id=\"style-css-av-7ef7df-6ac0d96752b6971dec0358c35f855d6e\">\n.flex_column.av-7ef7df-6ac0d96752b6971dec0358c35f855d6e{\nborder-radius:0px 0px 0px 0px;\npadding:0px 0px 0px 0px;\n}\n<\/style>\n<div  class='flex_column av-7ef7df-6ac0d96752b6971dec0358c35f855d6e av_one_third  avia-builder-el-1  el_before_av_two_third  avia-builder-el-first  first flex_column_div av-animated-generic fade-in av-zero-column-padding  '     ><style type=\"text\/css\" data-created_by=\"avia_inline_auto\" id=\"style-css-av-khmpw5ww-fb0c8a8ff2d349e10db4c12b024c88cb\">\n#top .av-special-heading.av-khmpw5ww-fb0c8a8ff2d349e10db4c12b024c88cb{\npadding-bottom:10px;\ncolor:#ffffff;\nfont-size:45px;\n}\nbody .av-special-heading.av-khmpw5ww-fb0c8a8ff2d349e10db4c12b024c88cb .av-special-heading-tag .heading-char{\nfont-size:25px;\n}\n#top #wrap_all .av-special-heading.av-khmpw5ww-fb0c8a8ff2d349e10db4c12b024c88cb .av-special-heading-tag{\nfont-size:45px;\n}\n.av-special-heading.av-khmpw5ww-fb0c8a8ff2d349e10db4c12b024c88cb .special-heading-inner-border{\nborder-color:#ffffff;\n}\n.av-special-heading.av-khmpw5ww-fb0c8a8ff2d349e10db4c12b024c88cb .av-subheading{\nfont-size:15px;\n}\n\n@media only screen and (min-width: 480px) and (max-width: 767px){ \n#top #wrap_all .av-special-heading.av-khmpw5ww-fb0c8a8ff2d349e10db4c12b024c88cb .av-special-heading-tag{\nfont-size:0.8em;\n}\n}\n\n@media only screen and (max-width: 479px){ \n#top #wrap_all .av-special-heading.av-khmpw5ww-fb0c8a8ff2d349e10db4c12b024c88cb .av-special-heading-tag{\nfont-size:0.8em;\n}\n}\n<\/style>\n<div  class='av-special-heading av-khmpw5ww-fb0c8a8ff2d349e10db4c12b024c88cb av-special-heading-h2 custom-color-heading blockquote modern-quote modern-centered  avia-builder-el-2  avia-builder-el-no-sibling  av-inherit-size'><h2 class='av-special-heading-tag '  itemprop=\"headline\"  >Cremas con el sabor de tu tradici\u00f3n<\/h2><div class=\"special-heading-border\"><div class=\"special-heading-inner-border\"><\/div><\/div><\/div><\/div>\n<style type=\"text\/css\" data-created_by=\"avia_inline_auto\" id=\"style-css-av-6tyx77-dc1944b9969a3ccecbfd11b4e0770135\">\n.flex_column.av-6tyx77-dc1944b9969a3ccecbfd11b4e0770135{\nborder-radius:0px 0px 0px 0px;\npadding:0px 0px 0px 0px;\n}\n<\/style>\n<div  class='flex_column av-6tyx77-dc1944b9969a3ccecbfd11b4e0770135 av_two_third  avia-builder-el-3  el_after_av_one_third  avia-builder-el-last  flex_column_div av-zero-column-padding  '     ><\/div>\n\n<\/div><\/div><\/main><!-- close content main element --><\/div><\/div><div id='av_section_2'  class='avia-section av-khlaveeb-a6cb01cebb2f6cba0a08d5848ecaff5e main_color avia-section-default avia-no-border-styling  avia-builder-el-4  el_after_av_section  el_before_av_section  products_flex avia-bg-style-scroll container_wrap fullsize'  ><div class='container av-section-cont-open' ><div class='template-page content  av-content-full alpha units'><div class='post-entry post-entry-type-page post-entry-366'><div class='entry-content-wrapper clearfix'>\n<div class='flex_column_table av-khlaceqi-486d2056c5002aa1291ef3b1a66ca84b sc-av_one_half av-equal-height-column-flextable'>\n<style type=\"text\/css\" data-created_by=\"avia_inline_auto\" id=\"style-css-av-khlaceqi-486d2056c5002aa1291ef3b1a66ca84b\">\n#top .flex_column_table.av-equal-height-column-flextable.av-khlaceqi-486d2056c5002aa1291ef3b1a66ca84b{\nmargin-top:0px;\nmargin-bottom:0px;\n}\n.flex_column.av-khlaceqi-486d2056c5002aa1291ef3b1a66ca84b{\nborder-radius:0px 0px 0px 0px;\npadding:0px 0px 0 0px;\n}\n<\/style>\n<div  class='flex_column av-khlaceqi-486d2056c5002aa1291ef3b1a66ca84b av_one_half  avia-builder-el-5  el_before_av_one_half  avia-builder-el-first  graywood first no_margin flex_column_table_cell av-equal-height-column av-align-top  '     ><p>\n<style type=\"text\/css\" data-created_by=\"avia_inline_auto\" id=\"style-css-av-5xzvp7-1fa898a7b08d7bf26c6dbe9e0efb35a1\">\n.avia-image-container.av-5xzvp7-1fa898a7b08d7bf26c6dbe9e0efb35a1 img.avia_image{\nbox-shadow:none;\n}\n.avia-image-container.av-5xzvp7-1fa898a7b08d7bf26c6dbe9e0efb35a1 .av-image-caption-overlay-center{\ncolor:#ffffff;\n}\n<\/style>\n<div  class='avia-image-container av-5xzvp7-1fa898a7b08d7bf26c6dbe9e0efb35a1 av-styling-no-styling av-img-linked avia_animated_image av-animated-when-visible-95 top-to-bottom avia-align-center  avia-builder-el-6  el_before_av_heading  avia-builder-el-first '   itemprop=\"image\" itemscope=\"itemscope\" itemtype=\"https:\/\/schema.org\/ImageObject\" ><div class=\"avia-image-container-inner\"><div class=\"avia-image-overlay-wrap\"><a href=\"https:\/\/lavaquitacheese.com\/products\/cremas\/crema-mexicana\/\" class='avia_image '  aria-label='product_crema_mexicana'><img decoding=\"async\" fetchpriority=\"high\" class='wp-image-1169 avia-img-lazy-loading-not-1169 avia_image ' src=\"https:\/\/lavaquitacheese.com\/wp-content\/uploads\/2020\/11\/product_crema_mexicana.jpg\" alt='' title='product_crema_mexicana'  height=\"405\" width=\"610\"  itemprop=\"thumbnailUrl\" srcset=\"https:\/\/lavaquitacheese.com\/wp-content\/uploads\/2020\/11\/product_crema_mexicana.jpg 610w, https:\/\/lavaquitacheese.com\/wp-content\/uploads\/2020\/11\/product_crema_mexicana-300x199.jpg 300w\" sizes=\"(max-width: 610px) 100vw, 610px\" \/><\/a><\/div><\/div><\/div><br \/>\n\n<style type=\"text\/css\" data-created_by=\"avia_inline_auto\" id=\"style-css-av-av_heading-5e99c14f8a85cdfa03f01802873a5e39\">\n#top .av-special-heading.av-av_heading-5e99c14f8a85cdfa03f01802873a5e39{\npadding-bottom:0;\nfont-size:46px;\n}\nbody .av-special-heading.av-av_heading-5e99c14f8a85cdfa03f01802873a5e39 .av-special-heading-tag .heading-char{\nfont-size:25px;\n}\n#top #wrap_all .av-special-heading.av-av_heading-5e99c14f8a85cdfa03f01802873a5e39 .av-special-heading-tag{\nfont-size:46px;\n}\n.av-special-heading.av-av_heading-5e99c14f8a85cdfa03f01802873a5e39 .av-subheading{\nfont-size:18px;\n}\n\n@media only screen and (min-width: 480px) and (max-width: 767px){ \n#top #wrap_all .av-special-heading.av-av_heading-5e99c14f8a85cdfa03f01802873a5e39 .av-special-heading-tag{\nfont-size:0.8em;\n}\n}\n\n@media only screen and (max-width: 479px){ \n#top #wrap_all .av-special-heading.av-av_heading-5e99c14f8a85cdfa03f01802873a5e39 .av-special-heading-tag{\nfont-size:0.8em;\n}\n}\n<\/style>\n<div  class='av-special-heading av-av_heading-5e99c14f8a85cdfa03f01802873a5e39 av-special-heading-h3 custom-color-heading blockquote modern-quote  avia-builder-el-7  el_after_av_image  el_before_av_textblock  av-inherit-size'><h3 class='av-special-heading-tag '  itemprop=\"headline\"  >Crema Mexicana<\/h3><div class=\"special-heading-border\"><div class=\"special-heading-inner-border\"><\/div><\/div><\/div><br \/>\n<section  class='av_textblock_section av-khmmjbwq-709d3bd296931b8d4cb755b3562fab73 '   itemscope=\"itemscope\" itemtype=\"https:\/\/schema.org\/CreativeWork\" ><div class='avia_textblock'  itemprop=\"text\" ><p class=\"p1\"><span class=\"s1\">Una crema rica, fresca y espesa.<\/span><\/p>\n<\/div><\/section><br \/>\n<div  class='avia-button-wrap av-67lorv-72a44c5c77b416b1de27f50b592e6517-wrap avia-button-right  avia-builder-el-9  el_after_av_textblock  avia-builder-el-last '><a href='https:\/\/lavaquitacheese.com\/es\/productos\/cremas\/crema-mexicana\/'  class='avia-button av-67lorv-72a44c5c77b416b1de27f50b592e6517 av-link-btn avia-icon_select-no avia-size-medium avia-position-right avia-color-theme-color'   aria-label=\"Conoce m\u00e1s\"><span class='avia_iconbox_title' >Conoce m\u00e1s<\/span><\/a><\/div><\/p><\/div>\n<style type=\"text\/css\" data-created_by=\"avia_inline_auto\" id=\"style-css-av-6leg9f-94f2ea34511e0cb4f77cd894792afceb\">\n#top .flex_column_table.av-equal-height-column-flextable.av-6leg9f-94f2ea34511e0cb4f77cd894792afceb{\nmargin-top:0px;\nmargin-bottom:0px;\n}\n.flex_column.av-6leg9f-94f2ea34511e0cb4f77cd894792afceb{\nborder-radius:0px 0px 0px 0px;\npadding:0px 0px 0 0px;\n}\n<\/style>\n<div  class='flex_column av-6leg9f-94f2ea34511e0cb4f77cd894792afceb av_one_half  avia-builder-el-10  el_after_av_one_half  avia-builder-el-last  graywood no_margin flex_column_table_cell av-equal-height-column av-align-top  '     ><p>\n<style type=\"text\/css\" data-created_by=\"avia_inline_auto\" id=\"style-css-av-5xzvp7-79161c07058c00e3638633dbe96865c9\">\n.avia-image-container.av-5xzvp7-79161c07058c00e3638633dbe96865c9 img.avia_image{\nbox-shadow:none;\n}\n.avia-image-container.av-5xzvp7-79161c07058c00e3638633dbe96865c9 .av-image-caption-overlay-center{\ncolor:#ffffff;\n}\n<\/style>\n<div  class='avia-image-container av-5xzvp7-79161c07058c00e3638633dbe96865c9 av-styling-no-styling av-img-linked avia_animated_image av-animated-when-visible-95 top-to-bottom avia-align-center  avia-builder-el-11  el_before_av_heading  avia-builder-el-first '   itemprop=\"image\" itemscope=\"itemscope\" itemtype=\"https:\/\/schema.org\/ImageObject\" ><div class=\"avia-image-container-inner\"><div class=\"avia-image-overlay-wrap\"><a href=\"https:\/\/lavaquitacheese.com\/products\/cremas\/crema-mexicana-agria\/\" class='avia_image '  aria-label='product_crema_agria'><img decoding=\"async\" fetchpriority=\"high\" class='wp-image-1167 avia-img-lazy-loading-not-1167 avia_image ' src=\"https:\/\/lavaquitacheese.com\/wp-content\/uploads\/2020\/11\/product_crema_agria.jpg\" alt='' title='product_crema_agria'  height=\"405\" width=\"610\"  itemprop=\"thumbnailUrl\" srcset=\"https:\/\/lavaquitacheese.com\/wp-content\/uploads\/2020\/11\/product_crema_agria.jpg 610w, https:\/\/lavaquitacheese.com\/wp-content\/uploads\/2020\/11\/product_crema_agria-300x199.jpg 300w\" sizes=\"(max-width: 610px) 100vw, 610px\" \/><\/a><\/div><\/div><\/div><br \/>\n\n<style type=\"text\/css\" data-created_by=\"avia_inline_auto\" id=\"style-css-av-av_heading-60dfc88d8aec14ff206f699b6e60d99d\">\n#top .av-special-heading.av-av_heading-60dfc88d8aec14ff206f699b6e60d99d{\npadding-bottom:0;\nfont-size:46px;\n}\nbody .av-special-heading.av-av_heading-60dfc88d8aec14ff206f699b6e60d99d .av-special-heading-tag .heading-char{\nfont-size:25px;\n}\n#top #wrap_all .av-special-heading.av-av_heading-60dfc88d8aec14ff206f699b6e60d99d .av-special-heading-tag{\nfont-size:46px;\n}\n.av-special-heading.av-av_heading-60dfc88d8aec14ff206f699b6e60d99d .av-subheading{\nfont-size:18px;\n}\n\n@media only screen and (min-width: 480px) and (max-width: 767px){ \n#top #wrap_all .av-special-heading.av-av_heading-60dfc88d8aec14ff206f699b6e60d99d .av-special-heading-tag{\nfont-size:0.8em;\n}\n}\n\n@media only screen and (max-width: 479px){ \n#top #wrap_all .av-special-heading.av-av_heading-60dfc88d8aec14ff206f699b6e60d99d .av-special-heading-tag{\nfont-size:0.8em;\n}\n}\n<\/style>\n<div  class='av-special-heading av-av_heading-60dfc88d8aec14ff206f699b6e60d99d av-special-heading-h3 custom-color-heading blockquote modern-quote  avia-builder-el-12  el_after_av_image  el_before_av_textblock  av-inherit-size'><h3 class='av-special-heading-tag '  itemprop=\"headline\"  >Crema Mexicana Agria<\/h3><div class=\"special-heading-border\"><div class=\"special-heading-inner-border\"><\/div><\/div><\/div><br \/>\n<section  class='av_textblock_section av-khmmjbwq-709d3bd296931b8d4cb755b3562fab73 '   itemscope=\"itemscope\" itemtype=\"https:\/\/schema.org\/CreativeWork\" ><div class='avia_textblock'  itemprop=\"text\" ><p class=\"p1\"><span class=\"s1\">Es una crema agria, rica, refinada y f\u00e1cil de untar.<\/span><\/p>\n<\/div><\/section><br \/>\n<div  class='avia-button-wrap av-67lorv-1682914661c09f6d9c090df6a2997d3e-wrap avia-button-right  avia-builder-el-14  el_after_av_textblock  avia-builder-el-last '><a href='https:\/\/lavaquitacheese.com\/es\/productos\/cremas\/crema-mexicana-agria\/'  class='avia-button av-67lorv-1682914661c09f6d9c090df6a2997d3e av-link-btn avia-icon_select-no avia-size-medium avia-position-right avia-color-theme-color'   aria-label=\"Conoce m\u00e1s\"><span class='avia_iconbox_title' >Conoce m\u00e1s<\/span><\/a><\/div><\/p><\/div><\/div><!--close column table wrapper. Autoclose: 1 --><\/div><\/div><\/div><!-- close content main div --><\/div><\/div><div id='av_section_3'  class='avia-section av-khlaveeb-a6cb01cebb2f6cba0a08d5848ecaff5e main_color avia-section-default avia-no-border-styling  avia-builder-el-15  el_after_av_section  avia-builder-el-last  products_flex avia-bg-style-scroll container_wrap fullsize'  ><div class='container av-section-cont-open' ><div class='template-page content  av-content-full alpha units'><div class='post-entry post-entry-type-page post-entry-366'><div class='entry-content-wrapper clearfix'>\n<div class='flex_column_table av-6leg9f-99243f6106c13903406bbaf7b855198e sc-av_one_half av-equal-height-column-flextable'>\n<style type=\"text\/css\" data-created_by=\"avia_inline_auto\" id=\"style-css-av-6leg9f-99243f6106c13903406bbaf7b855198e\">\n.flex_column.av-6leg9f-99243f6106c13903406bbaf7b855198e{\nborder-radius:0px 0px 0px 0px;\npadding:0 0 0 0;\n}\n<\/style>\n<div  class='flex_column av-6leg9f-99243f6106c13903406bbaf7b855198e av_one_half  avia-builder-el-16  el_before_av_one_half  avia-builder-el-first  graywood first no_margin flex_column_table_cell av-equal-height-column av-align-middle  '     ><p>\n<style type=\"text\/css\" data-created_by=\"avia_inline_auto\" id=\"style-css-av-5xzvp7-29070740ff117d3670552fb72dceb49a\">\n.avia-image-container.av-5xzvp7-29070740ff117d3670552fb72dceb49a img.avia_image{\nbox-shadow:none;\n}\n.avia-image-container.av-5xzvp7-29070740ff117d3670552fb72dceb49a .av-image-caption-overlay-center{\ncolor:#ffffff;\n}\n<\/style>\n<div  class='avia-image-container av-5xzvp7-29070740ff117d3670552fb72dceb49a av-styling-no-styling av-img-linked avia_animated_image av-animated-when-visible-95 top-to-bottom avia-align-center  avia-builder-el-17  el_before_av_heading  avia-builder-el-first '   itemprop=\"image\" itemscope=\"itemscope\" itemtype=\"https:\/\/schema.org\/ImageObject\" ><div class=\"avia-image-container-inner\"><div class=\"avia-image-overlay-wrap\"><a href=\"https:\/\/lavaquitacheese.com\/products\/cremas\/crema-salvadorena\/\" class='avia_image '  aria-label='product_crema_salvadorena'><img decoding=\"async\" fetchpriority=\"high\" class='wp-image-1171 avia-img-lazy-loading-not-1171 avia_image ' src=\"https:\/\/lavaquitacheese.com\/wp-content\/uploads\/2020\/11\/product_crema_salvadorena.jpg\" alt='' title='product_crema_salvadorena'  height=\"405\" width=\"610\"  itemprop=\"thumbnailUrl\" srcset=\"https:\/\/lavaquitacheese.com\/wp-content\/uploads\/2020\/11\/product_crema_salvadorena.jpg 610w, https:\/\/lavaquitacheese.com\/wp-content\/uploads\/2020\/11\/product_crema_salvadorena-300x199.jpg 300w\" sizes=\"(max-width: 610px) 100vw, 610px\" \/><\/a><\/div><\/div><\/div><br \/>\n\n<style type=\"text\/css\" data-created_by=\"avia_inline_auto\" id=\"style-css-av-dxju6-e6f35dccb12cc324560cfacd600959c0\">\n#top .av-special-heading.av-dxju6-e6f35dccb12cc324560cfacd600959c0{\npadding-bottom:0;\nfont-size:46px;\n}\nbody .av-special-heading.av-dxju6-e6f35dccb12cc324560cfacd600959c0 .av-special-heading-tag .heading-char{\nfont-size:25px;\n}\n#top #wrap_all .av-special-heading.av-dxju6-e6f35dccb12cc324560cfacd600959c0 .av-special-heading-tag{\nfont-size:46px;\n}\n.av-special-heading.av-dxju6-e6f35dccb12cc324560cfacd600959c0 .av-subheading{\nfont-size:18px;\n}\n\n@media only screen and (min-width: 480px) and (max-width: 767px){ \n#top #wrap_all .av-special-heading.av-dxju6-e6f35dccb12cc324560cfacd600959c0 .av-special-heading-tag{\nfont-size:0.8em;\n}\n}\n\n@media only screen and (max-width: 479px){ \n#top #wrap_all .av-special-heading.av-dxju6-e6f35dccb12cc324560cfacd600959c0 .av-special-heading-tag{\nfont-size:0.8em;\n}\n}\n<\/style>\n<div  class='av-special-heading av-dxju6-e6f35dccb12cc324560cfacd600959c0 av-special-heading-h3 custom-color-heading blockquote modern-quote  avia-builder-el-18  el_after_av_image  el_before_av_textblock  av-inherit-size'><h3 class='av-special-heading-tag '  itemprop=\"headline\"  >Crema Salvadore\u00f1a<\/h3><div class=\"special-heading-border\"><div class=\"special-heading-inner-border\"><\/div><\/div><\/div><br \/>\n<section  class='av_textblock_section av-khmmjbwq-709d3bd296931b8d4cb755b3562fab73 '   itemscope=\"itemscope\" itemtype=\"https:\/\/schema.org\/CreativeWork\" ><div class='avia_textblock'  itemprop=\"text\" ><p>Una versi\u00f3n m\u00e1s suave de la crema agria, rica, refinada y f\u00e1cil de untar.<\/p>\n<\/div><\/section><br \/>\n<div  class='avia-button-wrap av-67lorv-392b2de3ee18028b4fcf833b9477e555-wrap avia-button-right  avia-builder-el-20  el_after_av_textblock  avia-builder-el-last '><a href='https:\/\/lavaquitacheese.com\/es\/productos\/cremas\/crema-salvadorena\/'  class='avia-button av-67lorv-392b2de3ee18028b4fcf833b9477e555 av-link-btn avia-icon_select-no avia-size-medium avia-position-right avia-color-theme-color'   aria-label=\"Conoce m\u00e1s\"><span class='avia_iconbox_title' >Conoce m\u00e1s<\/span><\/a><\/div><\/p><\/div>\n<style type=\"text\/css\" data-created_by=\"avia_inline_auto\" id=\"style-css-av-6leg9f-8f4af95ad078e7dffa557fc0f26b9605\">\n.flex_column.av-6leg9f-8f4af95ad078e7dffa557fc0f26b9605{\nborder-radius:0px 0px 0px 0px;\npadding:0 0 0 0;\n}\n<\/style>\n<div  class='flex_column av-6leg9f-8f4af95ad078e7dffa557fc0f26b9605 av_one_half  avia-builder-el-21  el_after_av_one_half  avia-builder-el-last  graywood no_margin flex_column_table_cell av-equal-height-column av-align-middle  '     ><p>\n<style type=\"text\/css\" data-created_by=\"avia_inline_auto\" id=\"style-css-av-5xzvp7-088cb59f4f6effadf2c3d35169b709f6\">\n.avia-image-container.av-5xzvp7-088cb59f4f6effadf2c3d35169b709f6 img.avia_image{\nbox-shadow:none;\n}\n.avia-image-container.av-5xzvp7-088cb59f4f6effadf2c3d35169b709f6 .av-image-caption-overlay-center{\ncolor:#ffffff;\n}\n<\/style>\n<div  class='avia-image-container av-5xzvp7-088cb59f4f6effadf2c3d35169b709f6 av-styling-no-styling av-img-linked avia_animated_image av-animated-when-visible-95 top-to-bottom avia-align-center  avia-builder-el-22  el_before_av_heading  avia-builder-el-first '   itemprop=\"image\" itemscope=\"itemscope\" itemtype=\"https:\/\/schema.org\/ImageObject\" ><div class=\"avia-image-container-inner\"><div class=\"avia-image-overlay-wrap\"><a href=\"https:\/\/lavaquitacheese.com\/es\/productos\/cremas\/crema-hondurena\/\" class='avia_image '  aria-label='product_crema_hondurena'><img decoding=\"async\" fetchpriority=\"high\" class='wp-image-1519 avia-img-lazy-loading-not-1519 avia_image ' src=\"https:\/\/lavaquitacheese.com\/wp-content\/uploads\/2020\/12\/product_crema_hondurena.jpg\" alt='' title='product_crema_hondurena'  height=\"405\" width=\"608\"  itemprop=\"thumbnailUrl\" srcset=\"https:\/\/lavaquitacheese.com\/wp-content\/uploads\/2020\/12\/product_crema_hondurena.jpg 608w, https:\/\/lavaquitacheese.com\/wp-content\/uploads\/2020\/12\/product_crema_hondurena-300x200.jpg 300w\" sizes=\"(max-width: 608px) 100vw, 608px\" \/><\/a><\/div><\/div><\/div><br \/>\n\n<style type=\"text\/css\" data-created_by=\"avia_inline_auto\" id=\"style-css-av-8joo6-ef38410d2942cb3cf51b497a89ad948b\">\n#top .av-special-heading.av-8joo6-ef38410d2942cb3cf51b497a89ad948b{\npadding-bottom:0;\nfont-size:46px;\n}\nbody .av-special-heading.av-8joo6-ef38410d2942cb3cf51b497a89ad948b .av-special-heading-tag .heading-char{\nfont-size:25px;\n}\n#top #wrap_all .av-special-heading.av-8joo6-ef38410d2942cb3cf51b497a89ad948b .av-special-heading-tag{\nfont-size:46px;\n}\n.av-special-heading.av-8joo6-ef38410d2942cb3cf51b497a89ad948b .av-subheading{\nfont-size:18px;\n}\n\n@media only screen and (min-width: 480px) and (max-width: 767px){ \n#top #wrap_all .av-special-heading.av-8joo6-ef38410d2942cb3cf51b497a89ad948b .av-special-heading-tag{\nfont-size:0.8em;\n}\n}\n\n@media only screen and (max-width: 479px){ \n#top #wrap_all .av-special-heading.av-8joo6-ef38410d2942cb3cf51b497a89ad948b .av-special-heading-tag{\nfont-size:0.8em;\n}\n}\n<\/style>\n<div  class='av-special-heading av-8joo6-ef38410d2942cb3cf51b497a89ad948b av-special-heading-h3 custom-color-heading blockquote modern-quote  avia-builder-el-23  el_after_av_image  el_before_av_textblock  av-inherit-size'><h3 class='av-special-heading-tag '  itemprop=\"headline\"  >Crema Hondure\u00f1a <\/h3><div class=\"special-heading-border\"><div class=\"special-heading-inner-border\"><\/div><\/div><\/div><br \/>\n<section  class='av_textblock_section av-khmmjbwq-709d3bd296931b8d4cb755b3562fab73 '   itemscope=\"itemscope\" itemtype=\"https:\/\/schema.org\/CreativeWork\" ><div class='avia_textblock'  itemprop=\"text\" ><p>Una sabrosa crema agria cultivada, especial para untar.<\/p>\n<\/div><\/section><br \/>\n<div  class='avia-button-wrap av-67lorv-10094860775cc13a34fe89accb6457ae-wrap avia-button-right  avia-builder-el-25  el_after_av_textblock  avia-builder-el-last '><a href='https:\/\/lavaquitacheese.com\/es\/productos\/cremas\/crema-hondurena\/'  class='avia-button av-67lorv-10094860775cc13a34fe89accb6457ae av-link-btn avia-icon_select-no avia-size-medium avia-position-right avia-color-theme-color'   aria-label=\"Conoce m\u00e1s\"><span class='avia_iconbox_title' >Conoce m\u00e1s<\/span><\/a><\/div><\/p><\/div><\/div><!--close column table wrapper. Autoclose: 1 -->\n<\/p>\n","protected":false},"excerpt":{"rendered":"","protected":false},"author":12,"featured_media":0,"parent":359,"menu_order":0,"comment_status":"closed","ping_status":"closed","template":"","meta":{"footnotes":""},"class_list":["post-366","page","type-page","status-publish","hentry"],"_links":{"self":[{"href":"https:\/\/lavaquitacheese.com\/es\/wp-json\/wp\/v2\/pages\/366","targetHints":{"allow":["GET"]}}],"collection":[{"href":"https:\/\/lavaquitacheese.com\/es\/wp-json\/wp\/v2\/pages"}],"about":[{"href":"https:\/\/lavaquitacheese.com\/es\/wp-json\/wp\/v2\/types\/page"}],"author":[{"embeddable":true,"href":"https:\/\/lavaquitacheese.com\/es\/wp-json\/wp\/v2\/users\/12"}],"replies":[{"embeddable":true,"href":"https:\/\/lavaquitacheese.com\/es\/wp-json\/wp\/v2\/comments?post=366"}],"version-history":[{"count":2,"href":"https:\/\/lavaquitacheese.com\/es\/wp-json\/wp\/v2\/pages\/366\/revisions"}],"predecessor-version":[{"id":438,"href":"https:\/\/lavaquitacheese.com\/es\/wp-json\/wp\/v2\/pages\/366\/revisions\/438"}],"up":[{"embeddable":true,"href":"https:\/\/lavaquitacheese.com\/es\/wp-json\/wp\/v2\/pages\/359"}],"wp:attachment":[{"href":"https:\/\/lavaquitacheese.com\/es\/wp-json\/wp\/v2\/media?parent=366"}],"curies":[{"name":"wp","href":"https:\/\/api.w.org\/{rel}","templated":true}]}}